{"id":13706,"date":"2020-10-19T10:34:46","date_gmt":"2020-10-19T10:34:46","guid":{"rendered":"http:\/\/www.biblioteka-sepolno.pl\/?page_id=13706"},"modified":"2025-12-08T15:14:01","modified_gmt":"2025-12-08T14:14:01","slug":"kontakt","status":"publish","type":"page","link":"https:\/\/www.biblioteka-sepolno.pl\/en\/kontakt","title":{"rendered":"Kontakt"},"content":{"rendered":"<p><\/p>\n\n\n\n<div class=\"wp-block-columns is-layout-flex wp-container-core-columns-is-layout-9d6595d7 wp-block-columns-is-layout-flex\">\n<div class=\"wp-block-column is-layout-flow wp-block-column-is-layout-flow\">\n<h2 class=\"wp-block-heading\">Biblioteka Publiczna im. Jaros\u0142awa Iwaszkiewicza w S\u0119p\u00f3lnie Kraje\u0144skim<\/h2>\n\n\n\n<p>ul. Wojska Polskiego 22<\/p>\n\n\n\n<p>89-400 S\u0119p\u00f3lno Kraje\u0144skie<\/p>\n\n\n\n<p>NIP: 555-11-02-696<br>Regon: 091196535<\/p>\n\n\n\n<p><a href=\"tel:523888888\" data-type=\"tel\" data-id=\"tel:523888888\">Telefon: 52 388 02 20<\/a><\/p>\n\n\n\n<p>81-2030-0045-1110-0000-0286-4900<br>Bank BNP PARIBAS<\/p>\n\n\n\n<p><\/p>\n\n\n\n<p>ePUAP: \/BPSepolno\/SkrytkaESP<\/p>\n<\/div>\n<\/div>\n\n\n\n<p><strong>Biblioteka Publiczna \u2013 Filia Miejska<\/strong><br>ul. Ko\u015bciuszki 11<br>89-400 S\u0119p\u00f3lno Kraje\u0144skie<\/p>\n\n\n\n<p>tel. (52) <strong>389-42-89<\/strong><\/p>","protected":false},"excerpt":{"rendered":"<p>Biblioteka Publiczna im. Jaros\u0142awa Iwaszkiewicza w S\u0119p\u00f3lnie Kraje\u0144skim ul. Wojska Polskiego 22 89-400 S\u0119p\u00f3lno Kraje\u0144skie NIP: 555-11-02-696Regon: 091196535 Telefon: 52 388 02 20 81-2030-0045-1110-0000-0286-4900Bank BNP PARIBAS ePUAP: \/BPSepolno\/SkrytkaESP Biblioteka Publiczna \u2013 Filia Miejskaul. Ko\u015bciuszki 1189-400 S\u0119p\u00f3lno Kraje\u0144skie tel. (52) 389-42-89<\/p>","protected":false},"author":7,"featured_media":13762,"parent":0,"menu_order":0,"comment_status":"closed","ping_status":"closed","template":"contact.php","meta":{"_acf_changed":false,"footnotes":""},"class_list":["post-13706","page","type-page","status-publish","has-post-thumbnail","hentry"],"acf":[],"_links":{"self":[{"href":"https:\/\/www.biblioteka-sepolno.pl\/en\/wp-json\/wp\/v2\/pages\/13706","targetHints":{"allow":["GET"]}}],"collection":[{"href":"https:\/\/www.biblioteka-sepolno.pl\/en\/wp-json\/wp\/v2\/pages"}],"about":[{"href":"https:\/\/www.biblioteka-sepolno.pl\/en\/wp-json\/wp\/v2\/types\/page"}],"author":[{"embeddable":true,"href":"https:\/\/www.biblioteka-sepolno.pl\/en\/wp-json\/wp\/v2\/users\/7"}],"replies":[{"embeddable":true,"href":"https:\/\/www.biblioteka-sepolno.pl\/en\/wp-json\/wp\/v2\/comments?post=13706"}],"version-history":[{"count":22,"href":"https:\/\/www.biblioteka-sepolno.pl\/en\/wp-json\/wp\/v2\/pages\/13706\/revisions"}],"predecessor-version":[{"id":18576,"href":"https:\/\/www.biblioteka-sepolno.pl\/en\/wp-json\/wp\/v2\/pages\/13706\/revisions\/18576"}],"wp:featuredmedia":[{"embeddable":true,"href":"https:\/\/www.biblioteka-sepolno.pl\/en\/wp-json\/wp\/v2\/media\/13762"}],"wp:attachment":[{"href":"https:\/\/www.biblioteka-sepolno.pl\/en\/wp-json\/wp\/v2\/media?parent=13706"}],"curies":[{"name":"wp","href":"https:\/\/api.w.org\/{rel}","templated":true}]}}