{"id":13989,"date":"2021-06-29T18:51:28","date_gmt":"2021-06-29T18:51:28","guid":{"rendered":"http:\/\/beta.biblioteka-sepolno.pl\/?page_id=13989"},"modified":"2022-11-18T13:25:45","modified_gmt":"2022-11-18T12:25:45","slug":"ciasteczka","status":"publish","type":"page","link":"https:\/\/www.biblioteka-sepolno.pl\/en\/ciasteczka","title":{"rendered":"Ciasteczka"},"content":{"rendered":"<p>Ten serwis wykorzystuje pliki\u00a0cookies. Korzystanie z witryny oznacza zgod\u0119 na ich zapis lub odczyt wg ustawie\u0144 przegl\u0105darki.<\/p>","protected":false},"excerpt":{"rendered":"<p>Ten serwis wykorzystuje pliki\u00a0cookies. Korzystanie z witryny oznacza zgod\u0119 na ich zapis lub odczyt wg ustawie\u0144 przegl\u0105darki.<\/p>","protected":false},"author":7,"featured_media":0,"parent":0,"menu_order":0,"comment_status":"closed","ping_status":"closed","template":"","meta":[],"acf":[],"_links":{"self":[{"href":"https:\/\/www.biblioteka-sepolno.pl\/en\/wp-json\/wp\/v2\/pages\/13989"}],"collection":[{"href":"https:\/\/www.biblioteka-sepolno.pl\/en\/wp-json\/wp\/v2\/pages"}],"about":[{"href":"https:\/\/www.biblioteka-sepolno.pl\/en\/wp-json\/wp\/v2\/types\/page"}],"author":[{"embeddable":true,"href":"https:\/\/www.biblioteka-sepolno.pl\/en\/wp-json\/wp\/v2\/users\/7"}],"replies":[{"embeddable":true,"href":"https:\/\/www.biblioteka-sepolno.pl\/en\/wp-json\/wp\/v2\/comments?post=13989"}],"version-history":[{"count":1,"href":"https:\/\/www.biblioteka-sepolno.pl\/en\/wp-json\/wp\/v2\/pages\/13989\/revisions"}],"predecessor-version":[{"id":13990,"href":"https:\/\/www.biblioteka-sepolno.pl\/en\/wp-json\/wp\/v2\/pages\/13989\/revisions\/13990"}],"wp:attachment":[{"href":"https:\/\/www.biblioteka-sepolno.pl\/en\/wp-json\/wp\/v2\/media?parent=13989"}],"curies":[{"name":"wp","href":"https:\/\/api.w.org\/{rel}","templated":true}]}}