{"id":14028,"date":"2021-07-07T18:30:23","date_gmt":"2021-07-07T18:30:23","guid":{"rendered":"http:\/\/beta.biblioteka-sepolno.pl\/?page_id=14028"},"modified":"2024-03-11T12:20:26","modified_gmt":"2024-03-11T11:20:26","slug":"deklaracja-dostepnosci","status":"publish","type":"page","link":"https:\/\/www.biblioteka-sepolno.pl\/en\/deklaracja-dostepnosci","title":{"rendered":"Deklaracja Dost\u0119pno\u015bci"},"content":{"rendered":"<p><\/p>\n\n\n\n<p>Biblioteka Publiczna w\u00a0S\u0119p\u00f3lnie Kraje\u0144skim zobowi\u0105zuje si\u0119 zapewni\u0107 dost\u0119pno\u015b\u0107 swojej strony internetowej zgodnie z\u00a0ustaw\u0105 z\u00a0dnia 4 kwietnia 2019 r. o\u00a0dost\u0119pno\u015bci cyfrowej stron internetowych i\u00a0aplikacji mobilnych podmiot\u00f3w publicznych. O\u015bwiadczenie w\u00a0sprawie dost\u0119pno\u015bci ma zastosowanie do\u00a0serwisu internetowego www.biblioteka-sepolno.pl<\/p>\n\n\n\n<p><strong>Daty publikacji i aktualizacji<\/strong><br>Data publikacji strony internetowej: 6 kwietnia 2011r.<br>O\u015bwiadczenie sporz\u0105dzono dnia: 11 marca 2024r.<\/p>\n\n\n\n<p><br><strong>Status pod\u00a0wzgl\u0119dem zgodno\u015bci z\u00a0ustaw\u0105<\/strong><br>Strona internetowa jest\u00a0cz\u0119\u015bciowo zgodna\u00a0z\u00a0ustaw\u0105 z dnia 4 kwietnia 2019 r. o\u00a0dost\u0119pno\u015bci cyfrowej stron internetowych i\u00a0aplikacji mobilnych podmiot\u00f3w publicznych.<\/p>\n\n\n\n<p><strong>Data sporz\u0105dzenia Deklaracji Dost\u0119pno\u015bci oraz\u00a0metoda oceny<\/strong><br>O\u015bwiadczenie sporz\u0105dzono dnia 11 marca 2024r.<\/p>\n\n\n\n<p>Deklaracj\u0119 sporz\u0105dzono na\u00a0podstawie samooceny przeprowadzonej przez\u00a0podmiot publiczny.<br>Informacje zwrotne i dane kontaktowe<\/p>\n\n\n\n<p><br>W przypadku problem\u00f3w z dost\u0119pno\u015bci\u0105 strony internetowej prosimy o kontakt. Osob\u0105<br>kontaktow\u0105 jest Magdalena Siemaszko adres poczty elektronicznej magdalena.siemaszko@biblioteka-sepolno.pl. Kontaktowa\u0107 mo\u017cna si\u0119 tak\u017ce dzwoni\u0105c na numer telefonu 52\u00a0388 02 20. T\u0105 sam\u0105 drog\u0105 mo\u017cna sk\u0142ada\u0107 wnioski o udost\u0119pnienie informacji niedost\u0119pnej oraz sk\u0142ada\u0107 skargi na brak zapewnienia dost\u0119pno\u015bci.<\/p>\n\n\n\n<p><br><strong>Informacje na\u00a0temat procedury<\/strong><br>Ka\u017cdy ma prawo do\u00a0wyst\u0105pienia z\u00a0\u017c\u0105daniem zapewnienia dost\u0119pno\u015bci cyfrowej strony internetowej, aplikacji mobilnej lub jakiego\u015b ich elementu. Mo\u017cna tak\u017ce za\u017c\u0105da\u0107 udost\u0119pnienia informacji za\u00a0pomoc\u0105 alternatywnego sposobu dost\u0119pu, na\u00a0przyk\u0142ad przez\u00a0odczytanie niedost\u0119pnego cyfrowo dokumentu, opisanie zawarto\u015bci filmu bez\u00a0audio deskrypcji itp. \u017b\u0105danie powinno zawiera\u0107 dane osoby zg\u0142aszaj\u0105cej \u017c\u0105danie, wskazanie, o\u00a0kt\u00f3r\u0105 stron\u0119 internetow\u0105 lub aplikacj\u0119 mobiln\u0105 chodzi oraz\u00a0spos\u00f3b kontaktu. Je\u017celi osoba \u017c\u0105daj\u0105ca zg\u0142asza potrzeb\u0119 otrzymania informacji za\u00a0pomoc\u0105 alternatywnego sposobu dost\u0119pu,<br>powinna tak\u017ce okre\u015bli\u0107 dogodny dla niej spos\u00f3b przedstawienia tej\u00a0informacji. <\/p>\n\n\n\n<p><br>Podmiot publiczny powinien zrealizowa\u0107 \u017c\u0105danie niezw\u0142ocznie, nie&nbsp;p\u00f3\u017aniej ni\u017c w&nbsp;ci\u0105gu 7 dni od&nbsp;dnia wyst\u0105pienia z&nbsp;\u017c\u0105daniem. Je\u017celi dotrzymanie tego terminu nie&nbsp;jest mo\u017cliwe, podmiot publiczny niezw\u0142ocznie informuje o&nbsp;tym wnosz\u0105cego \u017c\u0105danie, kiedy realizacja \u017c\u0105dania b\u0119dzie mo\u017cliwa, przy czym termin ten nie&nbsp;mo\u017ce by\u0107 d\u0142u\u017cszy ni\u017c 2 miesi\u0105ce od&nbsp;dnia wyst\u0105pienia z&nbsp;\u017c\u0105daniem.<\/p>\n\n\n\n<p><br>Je\u017celi zapewnienie dost\u0119pno\u015bci cyfrowej nie&nbsp;jest mo\u017cliwe, podmiot publiczny mo\u017ce zaproponowa\u0107 alternatywny spos\u00f3b dost\u0119pu do&nbsp;informacji. W&nbsp;przypadku, gdy&nbsp;podmiot publiczny odm\u00f3wi realizacji \u017c\u0105dania zapewnienia dost\u0119pno\u015bci lub alternatywnego sposobu dost\u0119pu do&nbsp;informacji, wnosz\u0105cy \u017c\u0105danie mo\u017cne z\u0142o\u017cy\u0107 skarg\u0119 w&nbsp;sprawie zapewniana dost\u0119pno\u015bci cyfrowej strony internetowej, aplikacji mobilnej lub elementu strony internetowej, lub aplikacji mobilnej. Po&nbsp;wyczerpaniu wskazanej wy\u017cej procedury mo\u017cna tak\u017ce z\u0142o\u017cy\u0107 wniosek do&nbsp;Rzecznika Praw Obywatelskich.<br><\/p>\n\n\n\n<p><strong>Dost\u0119pno\u015b\u0107 architektoniczna<\/strong><br>Dojazd do biblioteki jest mo\u017cliwy od ulicy Wojska Polskiego. Biblioteka posiada bezp\u0142atny, niestrze\u017cony parking dost\u0119pny dla wszystkich z 1 miejscem parkingowym dla os\u00f3b niepe\u0142nosprawnych.<br>Pomieszczenia biblioteki znajduj\u0105 si\u0119 na I i II pi\u0119trze budynku. Na parterze mie\u015bci si\u0119 Zamiejscowy Wydzia\u0142 Ksi\u0105g Wieczystych z siedzib\u0105 w Tucholi. Przed bocznymi drzwiami z prawej strony budynku znajduje si\u0119 podjazd dla os\u00f3b niepe\u0142nosprawnych. Doj\u015bcie do wypo\u017cyczalni i czytelni dla dzieci wymaga pokonania 22 stopni schod\u00f3w, drzwi otwieraj\u0105 si\u0119 do wewn\u0105trz lokalu. Doj\u015bcie do wypo\u017cyczalni i czytelni dla doros\u0142ych wymaga pokonania 44 stopni schodowych, do czytelni jeszcze nadto 5 stopni schodowych. Drzwi w jednym i drugim pomieszczeniu otwieraj\u0105 si\u0119 do wewn\u0105trz. W budynku nie ma oznacze\u0144 w alfabecie brajla ani oznacze\u0144 kontrastowych lub w druku powi\u0119kszonym dla os\u00f3b niewidomych i s\u0142abowidz\u0105cych.<br><\/p>\n\n\n\n<p><strong>Toalety:<\/strong><br>Na pierwszym i drugim pi\u0119trze znajduje si\u0119 po jednej toalecie, bez udogodnie\u0144 dla os\u00f3b niepe\u0142nosprawnych. <\/p>\n\n\n\n<p><br><strong>Udogodnienia dla os\u00f3b niepe\u0142nosprawnych ruchowo:<\/strong><br>Brak dost\u0119pu dla os\u00f3b poruszaj\u0105cych si\u0119 na w\u00f3zkach do pomieszcze\u0144 Biblioteki. Brak windy i wyci\u0105g\u00f3w.<br><\/p>\n\n\n\n<p><strong>Udogodnienia dla os\u00f3b nies\u0142ysz\u0105cych i niedowidz\u0105cych:<\/strong><br>Brak udogodnie\u0144.<br><\/p>\n\n\n\n<p><strong>Wchodzenie z psem przewodnikiem:<\/strong><br>Jest dozwolone.<br><\/p>\n\n\n\n<p><strong>Udogodnienia dla os\u00f3b starszych:<\/strong><br>W czytelniach i na korytarzu na drugim pi\u0119trze s\u0105 miejsca do odpoczynku. <\/p>\n\n\n\n<p><strong>Udogodnienia dla rodzin z ma\u0142ymi dzie\u0107mi:<\/strong><br>W czytelni dla dzieci wydzielone s\u0105 miejsca do zabaw dla dzieci, k\u0105cik do czytania i zabawy.<br><\/p>\n\n\n\n<p><strong>Gastronomia:<\/strong><br>Biblioteka nie prowadzi us\u0142ug gastronomicznych.<\/p>\n\n\n\n<p><strong>Filia Biblioteki Publicznej w S\u0119p\u00f3lnie Kraje\u0144skim<\/strong><br>Dojazd do Filii biblioteki jest mo\u017cliwy od ulicy Ko\u015bciuszki. W budynku, gdzie mie\u015bci si\u0119 filia znajduje si\u0119 siedziba nast\u0119puj\u0105cych podmiot\u00f3w: Gminy S\u0119p\u00f3lno Kraje\u0144skie, Starostwa Powiatowego w S\u0119p\u00f3lnie Kraje\u0144skim i Powiatowego Urz\u0119du Pracy w S\u0119p\u00f3lnie Kraje\u0144skim. Biblioteka mie\u015bci si\u0119 w lokalu piwnicznym. Wej\u015bcie jest z lewej strony budynku. Drzwi otwieraj\u0105 si\u0119 do wewn\u0105trz. Na korytarzu prowadz\u0105cym do biblioteki znajduj\u0105 si\u0119 3 stopnie schodowe. Do budynku przylega bezp\u0142atny, niestrze\u017cony parking dost\u0119pny dla wszystkich, na kt\u00f3rym wyznaczono 2 miejsca parkingowe dla os\u00f3b niepe\u0142nosprawnych od strony ulicy Szkolnej. W budynku nie ma oznacze\u0144 w alfabecie brajla ani oznacze\u0144 kontrastowych lub<br>w druku powi\u0119kszonym dla os\u00f3b niewidomych i s\u0142abowidz\u0105cych.<br><\/p>\n\n\n\n<p><strong>Toalety:<\/strong><br>Bez udogodnie\u0144 dla os\u00f3b niepe\u0142nosprawnych. <\/p>\n\n\n\n<p><br><strong>Udogodnienia dla os\u00f3b niepe\u0142nosprawnych ruchowo:<\/strong><br>Brak dost\u0119pu dla os\u00f3b poruszaj\u0105cych si\u0119 na w\u00f3zkach do pomieszcze\u0144 Biblioteki.<br><\/p>\n\n\n\n<p><strong>Udogodnienia dla os\u00f3b nies\u0142ysz\u0105cych i niedowidz\u0105cych:<\/strong><br>Brak udogodnie\u0144.<br><\/p>\n\n\n\n<p><strong>Wchodzenie z psem przewodnikiem:<\/strong><br>Jest dozwolone.<br><\/p>\n\n\n\n<p><strong>Udogodnienia dla os\u00f3b starszych:<\/strong><br>W bibliotece s\u0105 miejsca do odpoczynku.<\/p>\n\n\n\n<p><br><strong>Udogodnienia dla rodzin z ma\u0142ymi dzie\u0107mi:<\/strong><br>W bibliotece jest wydzielone miejsce do zabaw dla dzieci, k\u0105cik do czytania.<br><\/p>\n\n\n\n<p><strong>Gastronomia:<\/strong><br>Biblioteka nie prowadzi us\u0142ug gastronomicznych.<\/p>\n\n\n\n<p><br><strong>Dost\u0119pno\u015b\u0107 do t\u0142umacza j\u0119zyka migowego<\/strong><br>Istnieje mo\u017cliwo\u015b\u0107 skorzystania z t\u0142umacza j\u0119zyka migowego po uprzednim zg\u0142oszeniu<br>minimum 3 dni wcze\u015bniej.<\/p>\n\n\n\n<p>Adres do strony internetowej Rzecznika Praw Obywatelskich <a href=\"https:\/\/www.rpo.gov.pl\/\" data-type=\"URL\" data-id=\"https:\/\/www.rpo.gov.pl\/\">https:<em>\/\/<\/em>www.rpo.gov.pl\/<\/a>.\u00a0<\/p>","protected":false},"excerpt":{"rendered":"<p>Biblioteka Publiczna w\u00a0S\u0119p\u00f3lnie Kraje\u0144skim zobowi\u0105zuje si\u0119 zapewni\u0107 dost\u0119pno\u015b\u0107 swojej strony internetowej zgodnie z\u00a0ustaw\u0105 z\u00a0dnia 4 kwietnia 2019 r. o\u00a0dost\u0119pno\u015bci cyfrowej stron internetowych i\u00a0aplikacji mobilnych podmiot\u00f3w publicznych. O\u015bwiadczenie w\u00a0sprawie dost\u0119pno\u015bci ma zastosowanie do\u00a0serwisu internetowego www.biblioteka-sepolno.pl Daty publikacji i aktualizacjiData publikacji strony internetowej: 6 kwietnia 2011r.O\u015bwiadczenie sporz\u0105dzono dnia: 11 marca 2024r. Status pod\u00a0wzgl\u0119dem zgodno\u015bci z\u00a0ustaw\u0105Strona internetowa jest\u00a0cz\u0119\u015bciowo <a href=\"https:\/\/www.biblioteka-sepolno.pl\/en\/deklaracja-dostepnosci\" class=\"more-link\">&#8230;<span class=\"screen-reader-text\">  Deklaracja Dost\u0119pno\u015bci<\/span><\/a><\/p>","protected":false},"author":7,"featured_media":14022,"parent":0,"menu_order":0,"comment_status":"closed","ping_status":"closed","template":"","meta":{"_acf_changed":false,"footnotes":""},"class_list":["post-14028","page","type-page","status-publish","has-post-thumbnail","hentry"],"acf":[],"_links":{"self":[{"href":"https:\/\/www.biblioteka-sepolno.pl\/en\/wp-json\/wp\/v2\/pages\/14028","targetHints":{"allow":["GET"]}}],"collection":[{"href":"https:\/\/www.biblioteka-sepolno.pl\/en\/wp-json\/wp\/v2\/pages"}],"about":[{"href":"https:\/\/www.biblioteka-sepolno.pl\/en\/wp-json\/wp\/v2\/types\/page"}],"author":[{"embeddable":true,"href":"https:\/\/www.biblioteka-sepolno.pl\/en\/wp-json\/wp\/v2\/users\/7"}],"replies":[{"embeddable":true,"href":"https:\/\/www.biblioteka-sepolno.pl\/en\/wp-json\/wp\/v2\/comments?post=14028"}],"version-history":[{"count":6,"href":"https:\/\/www.biblioteka-sepolno.pl\/en\/wp-json\/wp\/v2\/pages\/14028\/revisions"}],"predecessor-version":[{"id":16491,"href":"https:\/\/www.biblioteka-sepolno.pl\/en\/wp-json\/wp\/v2\/pages\/14028\/revisions\/16491"}],"wp:featuredmedia":[{"embeddable":true,"href":"https:\/\/www.biblioteka-sepolno.pl\/en\/wp-json\/wp\/v2\/media\/14022"}],"wp:attachment":[{"href":"https:\/\/www.biblioteka-sepolno.pl\/en\/wp-json\/wp\/v2\/media?parent=14028"}],"curies":[{"name":"wp","href":"https:\/\/api.w.org\/{rel}","templated":true}]}}