{"id":14038,"date":"2021-07-07T19:40:29","date_gmt":"2021-07-07T19:40:29","guid":{"rendered":"http:\/\/beta.biblioteka-sepolno.pl\/?page_id=14038"},"modified":"2022-11-18T13:25:45","modified_gmt":"2022-11-18T12:25:45","slug":"polityka-prywatnosci","status":"publish","type":"page","link":"https:\/\/www.biblioteka-sepolno.pl\/en\/polityka-prywatnosci","title":{"rendered":"Polityka Prywatno\u015bci"},"content":{"rendered":"<ol class=\"wp-block-list\"><li>Polityka prywatno\u015bci okre\u015bla zasady wykorzystywania danych dostarczonych przez\u00a0U\u017cytkownika b\u0105d\u017a zebranych od\u00a0niego przez\u00a0Bibliotek\u0119 Publiczn\u0105 im. J. Iwaszkiewicza w S\u0119p\u00f3lnie Kraje\u0144skim (zwan\u0105 dalej Bibliotek\u0105) za\u00a0po\u015brednictwem serwisu internetowego umieszczonego pod\u00a0adresem www.biblioteka-sepolno.pl (zwanym dalej Serwisem).<\/li><li>Wszystkim U\u017cytkownikom Serwisu gwarantujemy pe\u0142n\u0105 poufno\u015b\u0107 danych<br>wskazanych w\u00a0pkt. 1.<\/li><li>Bez\u00a0zgody U\u017cytkownika jego dane nie\u00a0mog\u0105 by\u0107 udost\u0119pnione podmiotom trzecim.<\/li><li>W\u00a0przypadku kontroli Urz\u0119du Ochrony danych osobowych, dane mog\u0105 zosta\u0107<br>udost\u0119pnione zgodnie z\u00a0ustaw\u0105 o\u00a0ochronie danych osobowych.<\/li><li>Podczas wizyty U\u017cytkownika w\u00a0Serwisie automatycznie zbierane s\u0105 dane dotycz\u0105ce wizyty U\u017cytkownika, np.\u00a0adres IP, nazwa domeny, typ przegl\u0105darki, typ systemu operacyjnego. Serwis zbiera adresy IP w\u00a0celach administrowania Systemem i\u00a0zabezpieczeniami oraz\u00a0do\u00a0cel\u00f3w analiz statystycznych, przede wszystkim badania poziomu \u015bwiadczonych us\u0142ug.<\/li><li>U\u017cytkownicy sk\u0142adaj\u0105c formularz zg\u0142oszeniowy przekazuje dobrowolnie Bibliotece swoje dane osobowe, w\u00a0tym: imi\u0119, nazwisko, adres e-mail, numer karty bibliotecznej, numer telefonu.<\/li><li>Serwis mo\u017ce wykorzystywa\u0107 ciasteczka, kt\u00f3re s\u0142u\u017c\u0105 identyfikacji przegl\u0105darki<br>U\u017cytkownika podczas korzystania z\u00a0Serwisu a\u00a0ponadto pozwalaj\u0105 U\u017cytkownikom na\u00a0bezpieczne korzystanie z\u00a0zasob\u00f3w Serwisu. Ciasteczka nie\u00a0zawieraj\u0105 \u017cadnych danych osobowych.<\/li><li>Niniejsza Polityka dotycz\u0105ca plik\u00f3w cookies okre\u015bla, czym s\u0105 pliki cookies i\u00a0jakie s\u0105 regu\u0142y ich zastosowania w\u00a0Serwisie:<ul><li>Cookies zazwyczaj zawieraj\u0105 nazw\u0119 strony internetowej, z\u00a0kt\u00f3rej\u00a0pochodz\u0105, czas<br>przechowywania ich na\u00a0urz\u0105dzeniu ko\u0144cowym oraz\u00a0unikalny numer;<\/li><li>operator Serwisu ma prawo do\u00a0zamieszczania na\u00a0urz\u0105dzeniu ko\u0144cowym U\u017cytkownika Serwisu pliki cookies oraz\u00a0do\u00a0uzyskania do\u00a0nich dost\u0119pu;<\/li><li>Pliki cookies wykorzystywane s\u0105 w\u00a0celu:<ol><li>dostosowania zawarto\u015bci Serwisu do\u00a0preferencji U\u017cytkownika oraz optymalizacji korzystania z\u00a0Serwisu, w\u00a0szczeg\u00f3lno\u015bci pliki te pozwalaj\u0105 rozpozna\u0107 urz\u0105dzenie U\u017cytkownika Serwisu i\u00a0odpowiednio wy\u015bwietli\u0107 stron\u0119<br>internetow\u0105, dostosowan\u0105 do\u00a0jego indywidualnych potrzeb;<\/li><li>tworzenia statystyk.<\/li><\/ol><\/li><li>W\u00a0ramach Serwisu stosowane s\u0105 nast\u0119puj\u0105ce rodzaje plik\u00f3w cookies:<ul><li>\u201eniezb\u0119dne\u201d pliki cookies, umo\u017cliwiaj\u0105ce korzystanie z\u00a0us\u0142ug dost\u0119pnych w\u00a0ramach Serwisu, np.\u00a0uwierzytelniaj\u0105ce pliki cookies wykorzystywane do\u00a0us\u0142ug wymagaj\u0105cych uwierzytelniania w\u00a0ramach Serwisu;<\/li><li>pliki cookies s\u0142u\u017c\u0105ce do\u00a0zapewnienia bezpiecze\u0144stwa, np.\u00a0wykorzystywane do<br>wykrywania nadu\u017cy\u0107 w\u00a0zakresie uwierzytelniania w\u00a0ramach serwisu;<\/li><li>\u201ewydajno\u015bciowe\u201d pliki cookies, umo\u017cliwiaj\u0105ce zbieranie informacji o\u00a0sposobie<br>korzystania ze\u00a0serwisu<\/li><li>\u201efunkcjonalne\u201d pliki cookies, umo\u017cliwiaj\u0105ce \u201ezapami\u0119tanie\u201d wybranych przez<br>u\u017cytkownika ustawie\u0144 i\u00a0personalizacj\u0119 interfejsu u\u017cytkownika, np.\u00a0w\u00a0zakresie<br>wybranego j\u0119zyka lub regionu, z\u00a0kt\u00f3rego\u00a0pochodzi u\u017cytkownik, rozmiaru czcionki, wygl\u0105du strony internetowej itp.<\/li><\/ul><\/li><\/ul><\/li><li>W\u00a0wielu przypadkach oprogramowanie s\u0142u\u017c\u0105ce do\u00a0przegl\u0105dania stron internetowych (przegl\u0105darka internetowa) domy\u015blnie dopuszcza przechowywanie plik\u00f3w cookies w\u00a0urz\u0105dzeniu ko\u0144cowym U\u017cytkownika. U\u017cytkownicy Serwisu mog\u0105 dokona\u0107 w\u00a0ka\u017cdym czasie zmiany ustawie\u0144 dotycz\u0105cych plik\u00f3w cookies. Ustawienia te mog\u0105 zosta\u0107 zmienione w\u00a0szczeg\u00f3lno\u015bci w\u00a0taki spos\u00f3b, aby blokowa\u0107 automatyczn\u0105 obs\u0142ug\u0119 plik\u00f3w cookies w\u00a0ustawieniach przegl\u0105darki internetowej b\u0105d\u017a informowa\u0107 o\u00a0ich ka\u017cdorazowym zamieszczeniu w\u00a0urz\u0105dzeniu u\u017cytkownika serwisu. Szczeg\u00f3\u0142owe informacje o\u00a0mo\u017cliwo\u015bci i\u00a0sposobach obs\u0142ugi plik\u00f3w cookies dost\u0119pne s\u0105 w\u00a0ustawieniach oprogramowania (przegl\u0105darki internetowej).<\/li><li>Serwis mo\u017ce zawiera\u0107 odniesienia\/linki do\u00a0innych serwis\u00f3w internetowych. Serwis nie\u00a0ponosi odpowiedzialno\u015bci za\u00a0zachowanie polityki prywatno\u015bci na\u00a0tych stronach. Zgodnie z\u00a0ustaw\u0105 o\u00a0\u015bwiadczeniu us\u0142ug internetowych drog\u0105 elektroniczn\u0105 wy\u0142\u0105czn\u0105 odpowiedzialno\u015b\u0107 za\u00a0polityk\u0119 prywatno\u015bci na\u00a0danej stronie www ponosi operator danego serwisu internetowego.<\/li><li>Zgodnie z\u00a0ustaw\u0105 z\u00a0dnia 10 maja 2018 r. o\u00a0ochronie danych osobowych ka\u017cdy<br>U\u017cytkownik ma prawo wgl\u0105du do\u00a0swoich danych osobowych, ich modyfikacji i<br>usuni\u0119cia ich w\u00a0ka\u017cdym czasie.<\/li><li>Je\u017celi U\u017cytkownik ma pytania dotycz\u0105ce przetwarzania swoich danych osobowych powinien si\u0119 skontaktowa\u0107 z\u00a0Administratorem Systemu przez\u00a0formularz zg\u0142oszeniowy umieszczony w\u00a0zak\u0142adce KONTAKT lub Inspektorem Ochrony Danych Osobowych Biblioteki Publicznej im. J. Iwaszkiewicza w S\u0119p\u00f3lnie Kraje\u0144skim\u00a0 (<a href=\"mailto:inspektor@biblioteka-sepolno.pl\">inspektor@biblioteka-sepolno.pl<\/a>).<\/li><li>Biblioteka zastrzega sobie prawo zmiany powy\u017cszej polityki prywatno\u015bci.<br>Ka\u017cdorazowo b\u0119dzie to\u00a0mia\u0142o miejsce poprzez opublikowanie nowej polityki<br>prywatno\u015bci w\u00a0Serwisie.<\/li><\/ol>","protected":false},"excerpt":{"rendered":"<p>Polityka prywatno\u015bci okre\u015bla zasady wykorzystywania danych dostarczonych przez\u00a0U\u017cytkownika b\u0105d\u017a zebranych od\u00a0niego przez\u00a0Bibliotek\u0119 Publiczn\u0105 im. J. Iwaszkiewicza w S\u0119p\u00f3lnie Kraje\u0144skim (zwan\u0105 dalej Bibliotek\u0105) za\u00a0po\u015brednictwem serwisu internetowego umieszczonego pod\u00a0adresem www.biblioteka-sepolno.pl (zwanym dalej Serwisem). Wszystkim U\u017cytkownikom Serwisu gwarantujemy pe\u0142n\u0105 poufno\u015b\u0107 danychwskazanych w\u00a0pkt. 1. Bez\u00a0zgody U\u017cytkownika jego dane nie\u00a0mog\u0105 by\u0107 udost\u0119pnione podmiotom trzecim. W\u00a0przypadku kontroli Urz\u0119du Ochrony danych osobowych, <a href=\"https:\/\/www.biblioteka-sepolno.pl\/en\/polityka-prywatnosci\" class=\"more-link\">&#8230;<span class=\"screen-reader-text\">  Polityka Prywatno\u015bci<\/span><\/a><\/p>","protected":false},"author":7,"featured_media":14022,"parent":0,"menu_order":0,"comment_status":"closed","ping_status":"closed","template":"","meta":{"_acf_changed":false,"footnotes":""},"class_list":["post-14038","page","type-page","status-publish","has-post-thumbnail","hentry"],"acf":[],"_links":{"self":[{"href":"https:\/\/www.biblioteka-sepolno.pl\/en\/wp-json\/wp\/v2\/pages\/14038","targetHints":{"allow":["GET"]}}],"collection":[{"href":"https:\/\/www.biblioteka-sepolno.pl\/en\/wp-json\/wp\/v2\/pages"}],"about":[{"href":"https:\/\/www.biblioteka-sepolno.pl\/en\/wp-json\/wp\/v2\/types\/page"}],"author":[{"embeddable":true,"href":"https:\/\/www.biblioteka-sepolno.pl\/en\/wp-json\/wp\/v2\/users\/7"}],"replies":[{"embeddable":true,"href":"https:\/\/www.biblioteka-sepolno.pl\/en\/wp-json\/wp\/v2\/comments?post=14038"}],"version-history":[{"count":3,"href":"https:\/\/www.biblioteka-sepolno.pl\/en\/wp-json\/wp\/v2\/pages\/14038\/revisions"}],"predecessor-version":[{"id":14042,"href":"https:\/\/www.biblioteka-sepolno.pl\/en\/wp-json\/wp\/v2\/pages\/14038\/revisions\/14042"}],"wp:featuredmedia":[{"embeddable":true,"href":"https:\/\/www.biblioteka-sepolno.pl\/en\/wp-json\/wp\/v2\/media\/14022"}],"wp:attachment":[{"href":"https:\/\/www.biblioteka-sepolno.pl\/en\/wp-json\/wp\/v2\/media?parent=14038"}],"curies":[{"name":"wp","href":"https:\/\/api.w.org\/{rel}","templated":true}]}}