{"id":15199,"date":"2022-11-17T23:37:43","date_gmt":"2022-11-17T22:37:43","guid":{"rendered":"https:\/\/beta.biblioteka-sepolno.pl\/?page_id=15199"},"modified":"2022-11-18T13:25:45","modified_gmt":"2022-11-18T12:25:45","slug":"cyfrowe-archiwum-tradycji-lokalnej","status":"publish","type":"page","link":"https:\/\/www.biblioteka-sepolno.pl\/en\/cyfrowe-archiwum-tradycji-lokalnej","title":{"rendered":"Cyfrowe Archiwum Tradycji Lokalnej"},"content":{"rendered":"<p>Cyfrowe Archiwum Tradycji Lokalnej (CATL) powsta\u0142o w 2011 roku w ramach projektu realizowanego przez Fundacj\u0119 O\u015brodka KARTA w ramach Programu Rozwoju Bibliotek. Pozyskuje, zabezpiecza, opracowuje i udost\u0119pnia materia\u0142y archiwalne zwi\u0105zane z histori\u0105 i dziedzictwem kulturowym, zw\u0142aszcza powiatu s\u0119pole\u0144skiego. Celem CATL jest integracja spo\u0142eczno\u015bci lokalnej i zach\u0119cenie jej do troski o histori\u0119 i tradycj\u0119 S\u0119p\u00f3lna Kraje\u0144skiego. Pozyskane od os\u00f3b prywatnych materia\u0142y archiwalne wykorzystywane s\u0105 m.in. w dzia\u0142alno\u015bci wydawniczej i wystawienniczej biblioteki. Zbiory udost\u0119pniane s\u0105 w siedzibie biblioteki, a kopie cyfrowe materia\u0142\u00f3w archiwalnych udost\u0119pniane s\u0105 na stronie internetowej: <a href=\"https:\/\/osa.archiwa.org\/archiwa\/PL_2023\">https:\/\/osa.archiwa.org\/archiwa\/PL_2023<\/a><\/p>\n\n\n\n<p>Zach\u0119camy do przegl\u0105dania oraz wzbogacania naszego zasobu archiwalnego!<\/p>","protected":false},"excerpt":{"rendered":"<p>Cyfrowe Archiwum Tradycji Lokalnej (CATL) powsta\u0142o w 2011 roku w ramach projektu realizowanego przez Fundacj\u0119 O\u015brodka KARTA w ramach Programu Rozwoju Bibliotek. Pozyskuje, zabezpiecza, opracowuje i udost\u0119pnia materia\u0142y archiwalne zwi\u0105zane z histori\u0105 i dziedzictwem kulturowym, zw\u0142aszcza powiatu s\u0119pole\u0144skiego. Celem CATL jest integracja spo\u0142eczno\u015bci lokalnej i zach\u0119cenie jej do troski o histori\u0119 i tradycj\u0119 S\u0119p\u00f3lna Kraje\u0144skiego. <a href=\"https:\/\/www.biblioteka-sepolno.pl\/en\/cyfrowe-archiwum-tradycji-lokalnej\" class=\"more-link\">&#8230;<span class=\"screen-reader-text\">  Cyfrowe Archiwum Tradycji Lokalnej<\/span><\/a><\/p>","protected":false},"author":7,"featured_media":14064,"parent":0,"menu_order":0,"comment_status":"closed","ping_status":"closed","template":"","meta":{"_acf_changed":false,"footnotes":""},"class_list":["post-15199","page","type-page","status-publish","has-post-thumbnail","hentry"],"acf":[],"_links":{"self":[{"href":"https:\/\/www.biblioteka-sepolno.pl\/en\/wp-json\/wp\/v2\/pages\/15199","targetHints":{"allow":["GET"]}}],"collection":[{"href":"https:\/\/www.biblioteka-sepolno.pl\/en\/wp-json\/wp\/v2\/pages"}],"about":[{"href":"https:\/\/www.biblioteka-sepolno.pl\/en\/wp-json\/wp\/v2\/types\/page"}],"author":[{"embeddable":true,"href":"https:\/\/www.biblioteka-sepolno.pl\/en\/wp-json\/wp\/v2\/users\/7"}],"replies":[{"embeddable":true,"href":"https:\/\/www.biblioteka-sepolno.pl\/en\/wp-json\/wp\/v2\/comments?post=15199"}],"version-history":[{"count":1,"href":"https:\/\/www.biblioteka-sepolno.pl\/en\/wp-json\/wp\/v2\/pages\/15199\/revisions"}],"predecessor-version":[{"id":15200,"href":"https:\/\/www.biblioteka-sepolno.pl\/en\/wp-json\/wp\/v2\/pages\/15199\/revisions\/15200"}],"wp:featuredmedia":[{"embeddable":true,"href":"https:\/\/www.biblioteka-sepolno.pl\/en\/wp-json\/wp\/v2\/media\/14064"}],"wp:attachment":[{"href":"https:\/\/www.biblioteka-sepolno.pl\/en\/wp-json\/wp\/v2\/media?parent=15199"}],"curies":[{"name":"wp","href":"https:\/\/api.w.org\/{rel}","templated":true}]}}