{"id":15201,"date":"2022-11-17T23:43:42","date_gmt":"2022-11-17T22:43:42","guid":{"rendered":"https:\/\/beta.biblioteka-sepolno.pl\/?page_id=15201"},"modified":"2022-11-18T13:25:45","modified_gmt":"2022-11-18T12:25:45","slug":"elektroniczne-zakladanie-konta","status":"publish","type":"page","link":"https:\/\/www.biblioteka-sepolno.pl\/en\/elektroniczne-zakladanie-konta","title":{"rendered":"Elektroniczne zak\u0142adanie konta"},"content":{"rendered":"<p>Krok po kroku zak\u0142adanie konta:\u00a0<\/p>\n\n\n\n<p>1.&nbsp;&nbsp;&nbsp;&nbsp;&nbsp; Wejd\u017a na stron\u0119 <a href=\"http:\/\/www.biblioteka-sepolno.pl\/en\/\">www.biblioteka-sepolno.pl<\/a><\/p>\n\n\n\n<p>2.&nbsp;&nbsp;&nbsp;&nbsp;&nbsp; Kliknij <strong>KATALOG ONLINE<\/strong><\/p>\n\n\n\n<p>3.&nbsp;&nbsp;&nbsp;&nbsp;&nbsp; Wybierz \u201e<strong>KONTO<\/strong>\u201d, a nast\u0119pnie po prawej stronie \u201e<strong>ZAREJESTRUJ SI\u0118<\/strong>\u201d&nbsp;<\/p>\n\n\n\n<p>4.&nbsp;&nbsp;&nbsp;&nbsp;&nbsp; Wype\u0142nij formularz podaj\u0105c: imi\u0119, nazwisko, adres e-mail oraz has\u0142o.&nbsp;<\/p>\n\n\n\n<p>5.&nbsp;&nbsp;&nbsp;&nbsp;&nbsp; Has\u0142o musi zawiera\u0107 minimum 7 znak\u00f3w, w tym: cyfry, ma\u0142e i du\u017ce litery, znaki specjalne.<\/p>\n\n\n\n<p>6.&nbsp;&nbsp;&nbsp;&nbsp;&nbsp; Na podany adres e-mail zostanie przes\u0142any link weryfikacyjny, kt\u00f3ry nale\u017cy klikn\u0105\u0107, aby m\u00f3c kontynuowa\u0107 proces rejestracji w bibliotece. Je\u015bli e-mail nie dojdzie w ci\u0105gu kilku minut, prosimy sprawdzi\u0107, czy nie zosta\u0142 przez program pocztowy zakwalifikowany jako spam.<\/p>\n\n\n\n<p>7.&nbsp;&nbsp;&nbsp;&nbsp;&nbsp; Potwierd\u017a zapoznanie si\u0119 z regulaminem<\/p>\n\n\n\n<p>Po kilku godzinach konto zostanie aktywowane. W przypadku dni wolnych konto zacznie dzia\u0142a\u0107 na pocz\u0105tku dnia kiedy biblioteka jest czynna. &nbsp;W przypadku konta za\u0142o\u017conego zdalnie formalno\u015bci zostan\u0105 dope\u0142nione przy pierwszej wizycie w naszej plac\u00f3wce.<\/p>","protected":false},"excerpt":{"rendered":"<p>Krok po kroku zak\u0142adanie konta:\u00a0 1.&nbsp;&nbsp;&nbsp;&nbsp;&nbsp; Wejd\u017a na stron\u0119 www.biblioteka-sepolno.pl 2.&nbsp;&nbsp;&nbsp;&nbsp;&nbsp; Kliknij KATALOG ONLINE 3.&nbsp;&nbsp;&nbsp;&nbsp;&nbsp; Wybierz \u201eKONTO\u201d, a nast\u0119pnie po prawej stronie \u201eZAREJESTRUJ SI\u0118\u201d&nbsp; 4.&nbsp;&nbsp;&nbsp;&nbsp;&nbsp; Wype\u0142nij formularz podaj\u0105c: imi\u0119, nazwisko, adres e-mail oraz has\u0142o.&nbsp; 5.&nbsp;&nbsp;&nbsp;&nbsp;&nbsp; Has\u0142o musi zawiera\u0107 minimum 7 znak\u00f3w, w tym: cyfry, ma\u0142e i du\u017ce litery, znaki specjalne. 6.&nbsp;&nbsp;&nbsp;&nbsp;&nbsp; Na podany adres e-mail <a href=\"https:\/\/www.biblioteka-sepolno.pl\/en\/elektroniczne-zakladanie-konta\" class=\"more-link\">&#8230;<span class=\"screen-reader-text\">  Elektroniczne zak\u0142adanie konta<\/span><\/a><\/p>","protected":false},"author":7,"featured_media":14063,"parent":0,"menu_order":0,"comment_status":"closed","ping_status":"closed","template":"","meta":{"_acf_changed":false,"footnotes":""},"class_list":["post-15201","page","type-page","status-publish","has-post-thumbnail","hentry"],"acf":[],"_links":{"self":[{"href":"https:\/\/www.biblioteka-sepolno.pl\/en\/wp-json\/wp\/v2\/pages\/15201","targetHints":{"allow":["GET"]}}],"collection":[{"href":"https:\/\/www.biblioteka-sepolno.pl\/en\/wp-json\/wp\/v2\/pages"}],"about":[{"href":"https:\/\/www.biblioteka-sepolno.pl\/en\/wp-json\/wp\/v2\/types\/page"}],"author":[{"embeddable":true,"href":"https:\/\/www.biblioteka-sepolno.pl\/en\/wp-json\/wp\/v2\/users\/7"}],"replies":[{"embeddable":true,"href":"https:\/\/www.biblioteka-sepolno.pl\/en\/wp-json\/wp\/v2\/comments?post=15201"}],"version-history":[{"count":1,"href":"https:\/\/www.biblioteka-sepolno.pl\/en\/wp-json\/wp\/v2\/pages\/15201\/revisions"}],"predecessor-version":[{"id":15202,"href":"https:\/\/www.biblioteka-sepolno.pl\/en\/wp-json\/wp\/v2\/pages\/15201\/revisions\/15202"}],"wp:featuredmedia":[{"embeddable":true,"href":"https:\/\/www.biblioteka-sepolno.pl\/en\/wp-json\/wp\/v2\/media\/14063"}],"wp:attachment":[{"href":"https:\/\/www.biblioteka-sepolno.pl\/en\/wp-json\/wp\/v2\/media?parent=15201"}],"curies":[{"name":"wp","href":"https:\/\/api.w.org\/{rel}","templated":true}]}}