{"id":15247,"date":"2022-11-18T00:39:43","date_gmt":"2022-11-17T23:39:43","guid":{"rendered":"http:\/\/beta.biblioteka-sepolno.pl\/?page_id=15247"},"modified":"2022-11-18T13:25:45","modified_gmt":"2022-11-18T12:25:45","slug":"nasze-projekty","status":"publish","type":"page","link":"https:\/\/www.biblioteka-sepolno.pl\/en\/nasze-projekty","title":{"rendered":"Nasze projekty"},"content":{"rendered":"<h2 class=\"wp-block-heading\">BIBLIOTECZNY NIEZB\u0118DNIK<\/h2>\n\n\n\n<p>Za\u0142o\u017ceniem projektu jest umo\u017cliwienie aktywnego uczestnictwa spo\u0142eczno\u015bci lokalnej w \u017cyciu kulturalnym. Oddajemy mieszka\u0144com przestrze\u0144 do uczestnictwa w r\u00f3\u017cnorodnych spotkaniach, opartych na kontakcie z tradycyjn\u0105 ksi\u0105\u017ck\u0105 w nowatorskiej oprawie. S\u0105 spotkania, kt\u00f3re polegaj\u0105 tylko na odbiorze kulturalnym (recital, koncert, wystawy, animacje dla najm\u0142odszych, spotkania autorskie, podr\u00f3\u017cnicze), ale s\u0105 r\u00f3wnie\u017c takie, w kt\u00f3rych nasi beneficjenci staj\u0105 si\u0119 tw\u00f3rcami tej kultury (warsztaty, konkurs fotograficzny, spektakle interaktywne). Projekt skierowany b\u0119dzie do mieszka\u0144c\u00f3w powiatu s\u0119pole\u0144skiego.\u00a0 Projekt dofinansowano ze \u015brodk\u00f3w Ministra Kultury, Dziedzictwa Narodowego i Sportu pochodz\u0105cych z Funduszu Promocji Kultury.<\/p>\n\n\n\n<p><\/p>\n\n\n\n<p><img loading=\"lazy\" decoding=\"async\" width=\"605\" height=\"256\" src=\"https:\/\/lh3.googleusercontent.com\/WWf1uKfI3tI95CVpifRTg7oOJp0SXDSiatWXUHUepWGyscNb4OXWpvppR8djeQoFMG9rCvGqmWCts1tp68aSRVSs3tMeiRQMlrYARDn2opTVBOPl-F4jaaLBFfPA7HnCgjYsX1ewam3FqHGf8223xcs_0A-3HTdXjav8B5OshdMItLoICkCEfdCa9rnPrItS3ITChJCv\">\u00a0<\/p>\n\n\n\n<p><\/p>\n\n\n\n<h2 class=\"wp-block-heading\">MA\u0141A KSI\u0104\u017bKA &#8211; WIELKI CZ\u0141OWIEK<\/h2>\n\n\n\n<p>Projekt dla <strong>dzieci w wieku przedszkolnym. <\/strong>Akcja ma zach\u0119ci\u0107 rodzic\u00f3w do odwiedzania bibliotek i codziennego czytania z dzieckiem. Ka\u017cde dziecko w wieku przedszkolnym, kt\u00f3re przyjdzie do biblioteki bior\u0105cej udzia\u0142 w projekcie, otrzyma w prezencie wyj\u0105tkow\u0105 <strong>Wyprawk\u0119 Czytelnicz\u0105<\/strong> na dobry czytelniczy start.\u00a0<\/p>\n\n\n\n<p><\/p>\n\n\n\n<figure class=\"wp-block-image size-full\"><img loading=\"lazy\" decoding=\"async\" width=\"240\" height=\"138\" src=\"http:\/\/beta.biblioteka-sepolno.pl\/wp-content\/uploads\/2022\/11\/image.jpeg\" alt=\"\" class=\"wp-image-15251\" srcset=\"https:\/\/www.biblioteka-sepolno.pl\/wp-content\/uploads\/2022\/11\/image.jpeg 240w, https:\/\/www.biblioteka-sepolno.pl\/wp-content\/uploads\/2022\/11\/image-18x10.jpeg 18w\" sizes=\"auto, (max-width: 240px) 100vw, 240px\" \/><\/figure>\n\n\n\n<p><\/p>\n\n\n\n<h2 class=\"wp-block-heading\">KLUB CZYTAJ\u0104CYCH RODZIN<\/h2>\n\n\n\n<p>Klubowe spotkania z ksi\u0105\u017ck\u0105 dla Rodzin s\u0105 okazj\u0105 do promowania regularnego czytania dzieciom warto\u015bciowej literatury, miejscem, gdzie mo\u017cna wymieni\u0107 si\u0119 wra\u017ceniami, wiedz\u0105 i konkretnymi lekturami. Jest to te\u017c okazja do pe\u0142nych wra\u017ce\u0144 wsp\u00f3lnie sp\u0119dzonych chwil, gdy Rodzice s\u0105 blisko dzieci i piel\u0119gnuj\u0105 spos\u00f3b sp\u0119dzania czasu, kt\u00f3ry ma niezwykle du\u017cy wp\u0142yw na rozw\u00f3j i wychowanie najm\u0142odszych.\u00a0<\/p>\n\n\n\n<p><\/p>\n\n\n\n<figure class=\"wp-block-image\"><img decoding=\"async\" src=\"https:\/\/lh3.googleusercontent.com\/AZIXg0LYWT9kf0cXDxOTEN1MrlSeTmoMJ8XwJiQZ8YIrTH5XmW2Pf3bAtpqaNaFWWngnv6p6dVZTmloyYHzjaeYcO-QBoBvPXEj-ZXMDLG8pjf-B-ETiJfBz_QA8SzpYIPSY2jbPosXwAO4h1h5C5tSK2UQ_iWNYzdSjQJ4fGj6peUS7qPeqPr9qm74cfwpxI-KQcQb5\" alt=\"\"\/><\/figure>\n\n\n\n<p><\/p>\n\n\n\n<h2 class=\"wp-block-heading\">DYSKUSYJNY KLUB KSI\u0104\u017bKI<\/h2>\n\n\n\n<p>Programowi przy\u015bwieca za\u0142o\u017cenie, \u017ce potrzebne s\u0105 miejsca, w kt\u00f3rych mo\u017cna swobodnie rozmawia\u0107 o wsp\u00f3lnie czytanych ksi\u0105\u017ckach, oraz \u017ce nie trzeba by\u0107 specjalist\u0105) by czerpa\u0107 przyjemno\u015b\u0107 z tych rozm\u00f3w. Dlatego te\u017c klubowicze DKK nale\u017c\u0105 do wszystkich grup wiekowych i spo\u0142ecznych, mieszkaj\u0105 zar\u00f3wno w wielkich miastach, jak i ma\u0142ych wsiach, wykonuj\u0105 r\u00f3\u017cne zawody i maj\u0105 r\u00f3\u017cne zainteresowania, czytaj\u0105 kilkadziesi\u0105t b\u0105d\u017a kilka ksi\u0105\u017cek rocznie. Tym, co \u0142\u0105czy t\u0119 zr\u00f3\u017cnicowan\u0105 spo\u0142eczno\u015b\u0107, jest czerpanie przyjemno\u015bci z czytania i dyskusji na temat literatury.Spotkania i dyskusje o ksi\u0105\u017ckach maj\u0105 charakter nieformalny.\u00a0<\/p>\n\n\n\n<figure class=\"wp-block-image is-resized\"><img loading=\"lazy\" decoding=\"async\" src=\"https:\/\/lh4.googleusercontent.com\/Hk13_9MHaYvyu6Q3SpPTRROadaLU_uaJOG-Ruwf9jp0XzcPiuIIyvt-buNruCaMvZjHCKw_kAP_I5LEZBMnH7uPkPCxAyDgjNVTLkp5JdpDw92ks1bqoadJbfZNLt-Mfe3UEUZnos74NYTe9YajwVYUx8rmgJFhriwzJtBE_tPtxeqt5Kp_Kb7mto2lHy46KmF7mSE_r\" alt=\"\" width=\"834\" height=\"468\"\/><\/figure>","protected":false},"excerpt":{"rendered":"<p>BIBLIOTECZNY NIEZB\u0118DNIK Za\u0142o\u017ceniem projektu jest umo\u017cliwienie aktywnego uczestnictwa spo\u0142eczno\u015bci lokalnej w \u017cyciu kulturalnym. Oddajemy mieszka\u0144com przestrze\u0144 do uczestnictwa w r\u00f3\u017cnorodnych spotkaniach, opartych na kontakcie z tradycyjn\u0105 ksi\u0105\u017ck\u0105 w nowatorskiej oprawie. S\u0105 spotkania, kt\u00f3re polegaj\u0105 tylko na odbiorze kulturalnym (recital, koncert, wystawy, animacje dla najm\u0142odszych, spotkania autorskie, podr\u00f3\u017cnicze), ale s\u0105 r\u00f3wnie\u017c takie, w kt\u00f3rych nasi beneficjenci <a href=\"https:\/\/www.biblioteka-sepolno.pl\/en\/nasze-projekty\" class=\"more-link\">&#8230;<span class=\"screen-reader-text\">  Nasze projekty<\/span><\/a><\/p>","protected":false},"author":7,"featured_media":13771,"parent":0,"menu_order":0,"comment_status":"closed","ping_status":"closed","template":"","meta":{"_acf_changed":false,"footnotes":""},"class_list":["post-15247","page","type-page","status-publish","has-post-thumbnail","hentry"],"acf":[],"_links":{"self":[{"href":"https:\/\/www.biblioteka-sepolno.pl\/en\/wp-json\/wp\/v2\/pages\/15247","targetHints":{"allow":["GET"]}}],"collection":[{"href":"https:\/\/www.biblioteka-sepolno.pl\/en\/wp-json\/wp\/v2\/pages"}],"about":[{"href":"https:\/\/www.biblioteka-sepolno.pl\/en\/wp-json\/wp\/v2\/types\/page"}],"author":[{"embeddable":true,"href":"https:\/\/www.biblioteka-sepolno.pl\/en\/wp-json\/wp\/v2\/users\/7"}],"replies":[{"embeddable":true,"href":"https:\/\/www.biblioteka-sepolno.pl\/en\/wp-json\/wp\/v2\/comments?post=15247"}],"version-history":[{"count":4,"href":"https:\/\/www.biblioteka-sepolno.pl\/en\/wp-json\/wp\/v2\/pages\/15247\/revisions"}],"predecessor-version":[{"id":15253,"href":"https:\/\/www.biblioteka-sepolno.pl\/en\/wp-json\/wp\/v2\/pages\/15247\/revisions\/15253"}],"wp:featuredmedia":[{"embeddable":true,"href":"https:\/\/www.biblioteka-sepolno.pl\/en\/wp-json\/wp\/v2\/media\/13771"}],"wp:attachment":[{"href":"https:\/\/www.biblioteka-sepolno.pl\/en\/wp-json\/wp\/v2\/media?parent=15247"}],"curies":[{"name":"wp","href":"https:\/\/api.w.org\/{rel}","templated":true}]}}