{"id":179,"date":"2011-04-08T11:21:29","date_gmt":"2011-04-08T11:21:29","guid":{"rendered":"http:\/\/biblioteka-sepolno.pl\/?page_id=179"},"modified":"2022-11-18T13:25:45","modified_gmt":"2022-11-18T12:25:45","slug":"regulamin-biblioteki","status":"publish","type":"page","link":"https:\/\/www.biblioteka-sepolno.pl\/en\/regulamin-biblioteki","title":{"rendered":"Regulamin Biblioteki"},"content":{"rendered":"<h2 style=\"text-align: center;\">\u00a71 PRAWO KORZYSTANIA<\/h2>\n<ol>\n<li>Prawo do korzystania maj\u0105:\n<ul>\n<li>stali mieszka\u0144cy powiatu s\u0119pole\u0144skiego, kt\u00f3rzy uko\u0144czyli 15 lat<\/li>\n<li> pozostali czytelnicy korzysta\u0107 mog\u0105 ze zbior\u00f3w bibliotecznych w czytelniach, drog\u0105 wypo\u017cycze\u0144 mi\u0119dzybibliotecznych lub wp\u0142acaj\u0105c kaucj\u0119<!--more--><\/li>\n<\/ul>\n<\/li>\n<li> Czytelnik przy zapisie powinien:\n<ul>\n<li> ukaza\u0107 dow\u00f3d osobisty, wa\u017cn\u0105 legitymacj\u0119 szkoln\u0105 lub inny dokument to\u017csamo\u015bci<\/li>\n<li> wype\u0142ni\u0107 kart\u0119 zapisu i zobowi\u0105za\u0107 si\u0119 podpisem do przestrzegania regulaminu wypo\u017cyczalni; karta uprawnia Czytelnika do korzystania z Wypo\u017cyczalni Ksi\u0105\u017cek.<\/li>\n<\/ul>\n<ul>\n<li> podpisuj\u0105c zobowi\u0105zanie jednocze\u015bnie wyra\u017ca zgod\u0119 na umieszczenie swoich danych w \u201ezbiorze\u201d danych czytelnik\u00f3w Biblioteki Publicznej im. Jaros\u0142awa Iwaszkiewicza w S\u0119p\u00f3lnie Kraje\u0144skim i na przetwarzanie tych danych w celach zgodnych z dzia\u0142alno\u015bci\u0105 Biblioteki.<\/li>\n<li> Zgodnie z art. 32 i 35 Ustawy o ochronie danych osobowych ka\u017cdej osobie przys\u0142uguje prawo do:<\/li>\n<li> uzyskania wyczerpuj\u0105cej informacji, czy taki zbi\u00f3r istnieje, oraz do ustalenia administratora danych adresu jego siedziby i pe\u0142nej nazwy, a w przypadku gdy administratorem danych jest osoba fizyczna \u2013 jej miejsca zamieszkania oraz imienia i nazwiska<\/li>\n<li> uzyskania informacji o sposobie udost\u0119pniania danych<\/li>\n<li> \u017c\u0105dania uzupe\u0142nienia, uaktualnienia, sprostowania danych osobowych, czasowego lub sta\u0142ego wstrzymania ich przetwarzania lub ich usuni\u0119cia, je\u017celi s\u0105 one niekompletne, nieaktualne, nieprawdziwe lub zosta\u0142y zebrane z naruszeniem ustawy albo s\u0105 ju\u017c zb\u0119dne do realizacji celu, dla kt\u00f3rego zosta\u0142y zebrane<\/li>\n<li> wniesienia pisemnego umotywowanego \u017c\u0105dania zaprzestania przetwarzania jej danych<\/li>\n<li> informacji o zbiorze danych osobowych nie cz\u0119\u015bciej ni\u017c raz na sze\u015b\u0107 miesi\u0119cy<\/li>\n<li> W razie wykazania przez osob\u0119, kt\u00f3rej dane osobowe dotycz\u0105, \u017ce s\u0105 one niekompletne, nieaktualne, nieprawdziwe lub zosta\u0142y zebrane z naruszeniem ustawy, albo s\u0105 zb\u0119dne do realizacji celu, dla kt\u00f3rego zosta\u0142y zebrane, administrator danych jest zobowi\u0105zany, bez zb\u0119dnej zw\u0142oki do uzupe\u0142nienia, uaktualnienia, sprostowania danych, czasowego lub sta\u0142ego przetwarzania kwestionowanych danych osobowych, w odniesieniu, do kt\u00f3rych tryb ich uzupe\u0142niania, uaktualniania lub sprostowania okre\u015blaj\u0105 odr\u0119bne ustawy.<\/li>\n<\/ul>\n<\/li>\n<li>Czytelnik zobowi\u0105zany jest informowa\u0107 Bibliotek\u0119 o zmianie adresu.<\/li>\n<li>W Bibliotece obowi\u0105zuje cisza, zakaz palenia tytoniu oraz spo\u017cywania posi\u0142k\u00f3w.<\/li>\n<\/ol>\n<h2 style=\"text-align: center;\">\u00a72 WYPO\u017bYCZANIE<\/h2>\n<ol>\n<li>Zbiory udost\u0119pnia si\u0119 nieodp\u0142atnie, po z\u0142o\u017ceniu pisemnego zobowi\u0105zania przestrzegania regulaminu<\/li>\n<li>Wybrane ksi\u0105\u017cki czytelnik rejestruje u Bibliotekarza<\/li>\n<li>Wypo\u017cyczy\u0107 mo\u017cna 4 ksi\u0105\u017cki na okres nie d\u0142u\u017cszy ni\u017c 1 miesi\u0105c<\/li>\n<li>Termin zwrotu wypo\u017cyczonej ksi\u0105\u017cki mo\u017ce pracownik wypo\u017cyczalni przesun\u0105\u0107, o ile nie ma na ni\u0105 zapotrzebowania ze strony innych czytelnik\u00f3w (opr\u00f3cz literatury pi\u0119knej i lektur). W przypadkach szczeg\u00f3lnie uzasadnionych Biblioteka mo\u017ce \u017c\u0105da\u0107 zwrotu ksi\u0105\u017cki przed up\u0142ywem terminu<\/li>\n<li>Czytelnikowi nie wolno ksi\u0105\u017cek wypo\u017cyczonych na swoj\u0105 kart\u0119 biblioteczn\u0105 wypo\u017cycza\u0107 osobom trzecim<\/li>\n<li>Potrzebne Czytelnikowi ksi\u0105\u017cki, kt\u00f3rych nie ma w ksi\u0119gozbiorze, Biblioteka zobowi\u0105zana jest na jego \u017cyczenie dostarczy\u0107 drog\u0105 wypo\u017cycze\u0144 mi\u0119dzybibliotecznych. Z pozycji sprowadzonych z innych bibliotek mo\u017cna korzysta\u0107 wy\u0142\u0105cznie w Czytelni<\/li>\n<li>Z ksi\u0119gozbior\u00f3w podr\u0119cznych, zbior\u00f3w specjalnych ksi\u0105\u017cek wydanych do 1945 roku, dzie\u0142 kosztownych, rzadkich edycji czasopism, wydawnictw z innych wzgl\u0119d\u00f3w zastrze\u017conych, wydawnictw albumowych korzysta\u0107 mo\u017cna tylko w czytelniach<\/li>\n<li>Czytelnik, w kt\u00f3rego domu panuje choroba zaka\u017ana, nie mo\u017ce korzysta\u0107 z wypo\u017cyczalni<\/li>\n<li>Kaucja od Czytelnik\u00f3w pobierana jest w nast\u0119puj\u0105cych przypadkach:\n<ul>\n<li>Je\u015bli Czytelnik nie jest sta\u0142ym mieszka\u0144cem powiatu s\u0119pole\u0144skiego \u2013 kaucja w wysoko\u015bci przeci\u0119tnej ksi\u0105\u017cki za wolumen<\/li>\n<li>Przy wypo\u017cyczeniu szczeg\u00f3lnie cennej ksi\u0105\u017cki \u2013 trzykrotna warto\u015b\u0107 ksi\u0105\u017cki<\/li>\n<li>Zwrot kaucji nast\u0119puje w dniu oddania ostatniej z wypo\u017cyczonych pozycji. Biblioteka zastrzega sobie prawo wyp\u0142acenia kaucji w dniu nast\u0119pnym, w przypadku gdy zwrot wypo\u017cyczonych materia\u0142\u00f3w nast\u0105pi po godz. 15.00<\/li>\n<li>W przypadku nie zwr\u00f3cenia materia\u0142\u00f3w bibliotecznych po up\u0142ywie roku, kaucja zostaje zaliczona na poczet zad\u0142u\u017cenia, kt\u00f3re stanowi warto\u015b\u0107 materia\u0142\u00f3w bibliotecznych oraz wszelkie koszty zwi\u0105zane z wypo\u017cyczeniem tych materia\u0142\u00f3w, w tym r\u00f3wnie\u017c kara za przetrzymanie<br \/>\nBiblioteka zastrzega sobie prawo \u017c\u0105dania zap\u0142aty pozosta\u0142ej cz\u0119\u015bci zad\u0142u\u017cenia.<\/li>\n<\/ul>\n<\/li>\n<\/ol>\n<h2 style=\"text-align: center;\">\u00a73 OP\u0141ATY<\/h2>\n<ol>\n<li> Z tytu\u0142u nieterminowego zwrotu ksi\u0105\u017cek okre\u015blonego w \u00a7 2 ust. 3 pobiera si\u0119 op\u0142at\u0119 w wysoko\u015bci 2,00 z\u0142 od woluminu za ka\u017cdy rozpoczynaj\u0105cy si\u0119 miesi\u0105c<\/li>\n<li> Je\u017celi czytelnik mimo upomnie\u0144 nie zwr\u00f3ci ksi\u0105\u017cki lub uiszczenia nale\u017cnych op\u0142at, Biblioteka dochodzi swych roszcze\u0144 zgodnie z przepisami prawa<\/li>\n<li> Za ka\u017cde wys\u0142ane upomnienie pobiera si\u0119 r\u00f3wnowarto\u015b\u0107 znaczka pocztowego i karty korespondencyjnej lub op\u0142aty telefonicznej<\/li>\n<\/ol>\n<h2 style=\"text-align: center;\">\u00a74 POSZANOWANIE KSI\u0104\u017bEK<\/h2>\n<ol>\n<li> Czytelnik powinien obchodzi\u0107 si\u0119 z ksi\u0105\u017ck\u0105 starannie oraz dobrze j\u0105 zabezpieczy\u0107 przed wszelkimi uszkodzeniami i zabrudzeniem<\/li>\n<li> Czytelnik powinien zwr\u00f3ci\u0107 uwag\u0119 na stan ksi\u0105\u017cki przed jej wypo\u017cyczeniem. Zauwa\u017cone uszkodzenia nale\u017cy zg\u0142osi\u0107 Bibliotekarzowi<\/li>\n<\/ol>\n<h2 style=\"text-align: center;\">\u00a75 ZAGUBIENIE, ZNISZCZENIE LUB USZKODZENIE KSI\u0104\u017bKI<\/h2>\n<ol>\n<li>Za szkod\u0119 wynik\u0142\u0105 ze zniszczenia wypo\u017cyczonej ksi\u0105\u017cki lub jej uszkodzeniem odpowiada Czytelnik<\/li>\n<li> Czytelnik zobowi\u0105zany jest odkupi\u0107 zagubion\u0105 lub zniszczon\u0105 ksi\u0105\u017ck\u0119. O ile odkupienie jest niemo\u017cliwe, Czytelnik zobowi\u0105zany jest ui\u015bci\u0107 op\u0142at\u0119 w wysoko\u015bci przeci\u0119tnej ceny zakupu ksi\u0105\u017cki za rok ubieg\u0142y<\/li>\n<li> Je\u017celi cena zagubionej lub zniszczonej ksi\u0105\u017cki jest wy\u017csza od warto\u015bci przeci\u0119tnej ceny zakupu, w\u00f3wczas biblioteka pobiera op\u0142at\u0119 r\u00f3wn\u0105 warto\u015bci zakupionej ksi\u0105\u017cki<\/li>\n<\/ol>\n<h2 style=\"text-align: center;\">\u00a76 PORADY I INFORMACJE<\/h2>\n<ul>\n<li> Czytelnik mo\u017ce zwraca\u0107 si\u0119 do Bibliotekarza o informacje dotycz\u0105ce ksi\u0105\u017cek i doboru literatury na interesuj\u0105cy go temat oraz o wskaz\u00f3wki co do sposobu pracy z ksi\u0105\u017ck\u0105<\/li>\n<\/ul>\n<h2 style=\"text-align: center;\">\u00a77 SKARGI I WNIOSKI<\/h2>\n<ul>\n<li> Wszelkie skargi i wnioski nale\u017cy wpisywa\u0107 do \u201eKsi\u0119gi skarg i wniosk\u00f3w\u201d, znajduj\u0105cej si\u0119 w Wypo\u017cyczalni lub ustnie z\u0142o\u017cy\u0107 Dyrektorowi Biblioteki<\/li>\n<\/ul>\n<h2 style=\"text-align: center;\">\u00a78<\/h2>\n<ul>\n<li> Czytelnik nie stosuj\u0105cy si\u0119 do niniejszego regulaminu mo\u017ce by\u0107 czasowo, a w szczeg\u00f3lnie drastycznych przypadkach na sta\u0142e pozbawiony prawa korzystania z Biblioteki. Decyzj\u0119 w tej sprawie podejmuje Dyrektor Biblioteki. Czytelnikowi przys\u0142uguje prawo odwo\u0142ania si\u0119 do Burmistrza S\u0119p\u00f3lna Kraje\u0144skiego.<\/li>\n<\/ul>\n<p style=\"text-align: right;\"><em>S\u0119p\u00f3lno 17 marzec 2004 roku<\/em><\/p>","protected":false},"excerpt":{"rendered":"<p>\u00a71 PRAWO KORZYSTANIA Prawo do korzystania maj\u0105: stali mieszka\u0144cy powiatu s\u0119pole\u0144skiego, kt\u00f3rzy uko\u0144czyli 15 lat pozostali czytelnicy korzysta\u0107 mog\u0105 ze zbior\u00f3w bibliotecznych w czytelniach, drog\u0105 wypo\u017cycze\u0144 mi\u0119dzybibliotecznych lub wp\u0142acaj\u0105c kaucj\u0119<\/p>","protected":false},"author":7,"featured_media":13771,"parent":0,"menu_order":0,"comment_status":"closed","ping_status":"open","template":"","meta":{"_acf_changed":false,"footnotes":""},"class_list":["post-179","page","type-page","status-publish","has-post-thumbnail","hentry"],"acf":[],"_links":{"self":[{"href":"https:\/\/www.biblioteka-sepolno.pl\/en\/wp-json\/wp\/v2\/pages\/179","targetHints":{"allow":["GET"]}}],"collection":[{"href":"https:\/\/www.biblioteka-sepolno.pl\/en\/wp-json\/wp\/v2\/pages"}],"about":[{"href":"https:\/\/www.biblioteka-sepolno.pl\/en\/wp-json\/wp\/v2\/types\/page"}],"author":[{"embeddable":true,"href":"https:\/\/www.biblioteka-sepolno.pl\/en\/wp-json\/wp\/v2\/users\/7"}],"replies":[{"embeddable":true,"href":"https:\/\/www.biblioteka-sepolno.pl\/en\/wp-json\/wp\/v2\/comments?post=179"}],"version-history":[{"count":19,"href":"https:\/\/www.biblioteka-sepolno.pl\/en\/wp-json\/wp\/v2\/pages\/179\/revisions"}],"predecessor-version":[{"id":14018,"href":"https:\/\/www.biblioteka-sepolno.pl\/en\/wp-json\/wp\/v2\/pages\/179\/revisions\/14018"}],"wp:featuredmedia":[{"embeddable":true,"href":"https:\/\/www.biblioteka-sepolno.pl\/en\/wp-json\/wp\/v2\/media\/13771"}],"wp:attachment":[{"href":"https:\/\/www.biblioteka-sepolno.pl\/en\/wp-json\/wp\/v2\/media?parent=179"}],"curies":[{"name":"wp","href":"https:\/\/api.w.org\/{rel}","templated":true}]}}