{"id":2010,"date":"2021-06-29T19:05:17","date_gmt":"2021-06-29T19:05:17","guid":{"rendered":"http:\/\/biblioteka-sepolno.pl\/?page_id=2010"},"modified":"2022-11-18T13:25:45","modified_gmt":"2022-11-18T12:25:45","slug":"manifest-czytelniczy","status":"publish","type":"page","link":"https:\/\/www.biblioteka-sepolno.pl\/en\/manifest-czytelniczy","title":{"rendered":"Manifest czytelniczy"},"content":{"rendered":"<p>Przekonani, \u017ce troska o kondycj\u0119 polskiej kultury<br \/>\nle\u017cy w sferze naszych obywatelskich powinno\u015bci,<br \/>\nmy, mi\u0142o\u015bnicy czytania, powo\u0142ujemy do \u017cycia Republik\u0119 Ksi\u0105\u017cki.<\/p>\n<p>Wierzymy, \u017ce czytanie jest \u017ar\u00f3d\u0142em naszej wolno\u015bci i niezale\u017cnego my\u015blenia.<br \/>\nWierzymy, \u017ce czytanie stymuluje kreatywno\u015b\u0107 i tworzy potencja\u0142 tw\u00f3rczy.<br \/>\nWierzymy, \u017ce czytanie w\u0142\u0105cza do wsp\u00f3lnoty znacze\u0144,<br \/>\nbuduj\u0105c i podtrzymuj\u0105c wi\u0119zi w czasie i przestrzeni.<!--more--><\/p>\n<p>Jeste\u015bmy przekonani, \u017ce czytanie pobudza wyobra\u017ani\u0119, pomaga odnale\u017a\u0107 si\u0119 we<br \/>\nwsp\u00f3\u0142czesnym, niejednoznacznym \u015bwiecie, pozwala zrozumie\u0107 siebie i innych, uczy m\u0105drze<br \/>\ndecydowa\u0107, unikn\u0105\u0107 konfliktu, pokona\u0107 strach.<\/p>\n<p>Wiemy, \u017ce nasze dzieci dzi\u0119ki rozbudzonej dzi\u015b przyjemno\u015bci czytania<br \/>\nb\u0119d\u0105 mog\u0142y rozwa\u017cniej i bardziej odpowiedzialnie kszta\u0142towa\u0107 swoj\u0105 przysz\u0142o\u015b\u0107,<br \/>\na nas uchroni\u0105 przed niezrozumieniem, gdy nasz \u015bwiat przeminie.<\/p>\n<p>My, wsp\u00f3lnota ludzi czytaj\u0105cych, pragniemy uczyni\u0107 wszystko<br \/>\nna rzecz promocji czytelnictwa.<\/p>\n<p>Jeste\u015bmy przekonani, \u017ce ksi\u0105\u017cka powinna by\u0107 elementem obecnym w sferze publicznej, by\u0107<br \/>\nprzedmiotem sta\u0142ego zainteresowania medi\u00f3w.<\/p>\n<p>Pragniemy, aby polska szko\u0142a kszta\u0142towa\u0142a kompetentnych uczestnik\u00f3w kultury,<br \/>\na nie biernych konsument\u00f3w informacji i wra\u017ce\u0144.<\/p>\n<p>Republika Ksi\u0105\u017cki jest spo\u0142eczno\u015bci\u0105 ludzi r\u00f3wnych. Nie istnieje w niej \u017cadna hierarchia.<br \/>\nObywatelem naszej wsp\u00f3lnoty mo\u017ce zosta\u0107 ka\u017cdy, kogo poch\u0142ania pasja czytania.<br \/>\nMy, czytelnicy, cenimy s\u0142owo pisane w ka\u017cdej postaci: ksi\u0105\u017cek oraz gazet<br \/>\ni czasopism, zar\u00f3wno drukowanych, jak i w wersji elektronicznej i m\u00f3wionej.<\/p>\n<p>Fizyczn\u0105 i symboliczn\u0105 zarazem reprezentacj\u0105 Republiki Ksi\u0105\u017cki jest biblioteka.<br \/>\nChcemy, aby nowoczesna biblioteka, szczeg\u00f3lnie w ma\u0142ych miastach i wsiach,<br \/>\nsta\u0142a si\u0119 centrum lokalnego \u015brodowiska, bram\u0105 do wiedzy i kultury.<\/p>\n<p>Przestrzeni\u0105, kt\u00f3ra okre\u015bla ramy naszej Republiki jest r\u00f3wnie\u017c ksi\u0119garnia i biblioteka<br \/>\ndomowa. Uwa\u017camy, \u017ce tak jak dost\u0119p do bogato wyposa\u017conej biblioteki szkolnej czy<br \/>\npublicznej, tak mo\u017cliwo\u015b\u0107 posiadania i czytania w\u0142asnych ksi\u0105\u017cek jest prawem ka\u017cdego<br \/>\nz nas i obowi\u0105zkiem wobec naszych dzieci.<\/p>\n<p>Powo\u0142ujemy Republik\u0119 Ksi\u0105\u017cki w trosce o losy nas samych i w naszym wsp\u00f3lnym interesie.<\/p>","protected":false},"excerpt":{"rendered":"<p>Przekonani, \u017ce troska o kondycj\u0119 polskiej kultury le\u017cy w sferze naszych obywatelskich powinno\u015bci, my, mi\u0142o\u015bnicy czytania, powo\u0142ujemy do \u017cycia Republik\u0119 Ksi\u0105\u017cki. Wierzymy, \u017ce czytanie jest \u017ar\u00f3d\u0142em naszej wolno\u015bci i niezale\u017cnego my\u015blenia. Wierzymy, \u017ce czytanie stymuluje kreatywno\u015b\u0107 i tworzy potencja\u0142 tw\u00f3rczy. Wierzymy, \u017ce czytanie w\u0142\u0105cza do wsp\u00f3lnoty znacze\u0144, buduj\u0105c i podtrzymuj\u0105c wi\u0119zi w czasie i przestrzeni.<\/p>","protected":false},"author":7,"featured_media":14022,"parent":0,"menu_order":0,"comment_status":"open","ping_status":"open","template":"","meta":{"_acf_changed":false,"footnotes":""},"class_list":["post-2010","page","type-page","status-publish","has-post-thumbnail","hentry"],"acf":[],"_links":{"self":[{"href":"https:\/\/www.biblioteka-sepolno.pl\/en\/wp-json\/wp\/v2\/pages\/2010","targetHints":{"allow":["GET"]}}],"collection":[{"href":"https:\/\/www.biblioteka-sepolno.pl\/en\/wp-json\/wp\/v2\/pages"}],"about":[{"href":"https:\/\/www.biblioteka-sepolno.pl\/en\/wp-json\/wp\/v2\/types\/page"}],"author":[{"embeddable":true,"href":"https:\/\/www.biblioteka-sepolno.pl\/en\/wp-json\/wp\/v2\/users\/7"}],"replies":[{"embeddable":true,"href":"https:\/\/www.biblioteka-sepolno.pl\/en\/wp-json\/wp\/v2\/comments?post=2010"}],"version-history":[{"count":14,"href":"https:\/\/www.biblioteka-sepolno.pl\/en\/wp-json\/wp\/v2\/pages\/2010\/revisions"}],"predecessor-version":[{"id":14001,"href":"https:\/\/www.biblioteka-sepolno.pl\/en\/wp-json\/wp\/v2\/pages\/2010\/revisions\/14001"}],"wp:featuredmedia":[{"embeddable":true,"href":"https:\/\/www.biblioteka-sepolno.pl\/en\/wp-json\/wp\/v2\/media\/14022"}],"wp:attachment":[{"href":"https:\/\/www.biblioteka-sepolno.pl\/en\/wp-json\/wp\/v2\/media?parent=2010"}],"curies":[{"name":"wp","href":"https:\/\/api.w.org\/{rel}","templated":true}]}}