{"id":212,"date":"2011-04-10T00:33:50","date_gmt":"2011-04-10T00:33:50","guid":{"rendered":"http:\/\/biblioteka-sepolno.pl\/?page_id=212"},"modified":"2022-11-18T13:25:45","modified_gmt":"2022-11-18T12:25:45","slug":"jak-zapisac-sie-do-biblioteki","status":"publish","type":"page","link":"https:\/\/www.biblioteka-sepolno.pl\/en\/jak-zapisac-sie-do-biblioteki","title":{"rendered":"Jak zapisa\u0107 si\u0119 do Biblioteki?"},"content":{"rendered":"<h2>Kto mo\u017ce si\u0119 zapisa\u0107?<\/h2>\n<p>Z us\u0142ug s\u0119pole\u0144skiej biblioteki publicznej mo\u017ce korzysta\u0107 ka\u017cdy kto posiada dokument potwierdzaj\u0105cy to\u017csamo\u015b\u0107:<\/p>\n<ul>\n<li>dow\u00f3d osobisty<\/li>\n<li>paszport<\/li>\n<li>legitymacj\u0119 szkoln\u0105, studenck\u0105<\/li>\n<\/ul>\n<p>Z wypo\u017cyczania zbior\u00f3w do domu mo\u017ce korzysta\u0107 osoba, b\u0119d\u0105ca zapisana do naszej biblioteki. Osoby nieletnie zapisywane s\u0105 za po\u015bwiadczeniem rodzic\u00f3w lub opiekun\u00f3w prawnych. Korzystanie ze zbior\u00f3w jest <strong>bezp\u0142atne<\/strong>.<\/p>\n<h2>Jak korzysta\u0107 z us\u0142ug naszej biblioteki?<\/h2>\n<ul>\n<li>Zbiory do domu mo\u017ce wypo\u017cycza\u0107 osoba zapisana do konkretnej biblioteki<\/li>\n<li>Z us\u0142ug biblioteki na miejscu mo\u017ce korzysta\u0107 ka\u017cdy, kto posiada dokument potwierdzaj\u0105cy to\u017csamo\u015b\u0107 (dow\u00f3d osobisty, paszport, legitymacja szkolna)<\/li>\n<li>Czytelnik powinien zwr\u00f3ci\u0107 uwag\u0119 na stan ksi\u0105\u017cki przed jej wypo\u017cyczeniem. Zauwa\u017cone szkody nale\u017cy zg\u0142osi\u0107 Bibliotekarzowi<\/li>\n<li>Czytelnik obowi\u0105zany jest do odkupienia zagubion\u0105 i zniszczon\u0105 ksi\u0105\u017ck\u0119<\/li>\n<li>Czytelnik mo\u017ce zwraca\u0107 si\u0119 do Bibliotekarza o informacje dotycz\u0105ce ksi\u0105\u017cek i doboru literatury na interesuj\u0105cy go temat oraz o wskaz\u00f3wki co do sposobu pracy z ksi\u0105\u017ck\u0105<\/li>\n<li>Z tytu\u0142u nieterminowego zwrotu ksi\u0105\u017cek pobiera si\u0119 op\u0142at\u0119 w wysoko\u015bci 2,00 od woluminu za ka\u017cdy rozpoczynaj\u0105cy si\u0119 miesi\u0105c<\/li>\n<li>Je\u017celi czytelnik pomimo upomnie\u0144 nie zwr\u00f3ci ksi\u0105\u017cki lub nie ui\u015bci nale\u017cnych op\u0142at , Biblioteka dochodzi swych roszcze\u0144 zgodnie z przepisami prawa.<\/li>\n<\/ul>\n<p>Wi\u0119cej informacji dost\u0119pnych jest w <a title=\"Regulamin Biblioteki\" href=\"http:\/\/beta.biblioteka-sepolno.pl\/regulamin-biblioteki\">regulaminie<\/a><\/p>","protected":false},"excerpt":{"rendered":"<p>Kto mo\u017ce si\u0119 zapisa\u0107? Z us\u0142ug s\u0119pole\u0144skiej biblioteki publicznej mo\u017ce korzysta\u0107 ka\u017cdy kto posiada dokument potwierdzaj\u0105cy to\u017csamo\u015b\u0107: dow\u00f3d osobisty paszport legitymacj\u0119 szkoln\u0105, studenck\u0105 Z wypo\u017cyczania zbior\u00f3w do domu mo\u017ce korzysta\u0107 osoba, b\u0119d\u0105ca zapisana do naszej biblioteki. Osoby nieletnie zapisywane s\u0105 za po\u015bwiadczeniem rodzic\u00f3w lub opiekun\u00f3w prawnych. Korzystanie ze zbior\u00f3w jest bezp\u0142atne. Jak korzysta\u0107 z us\u0142ug <a href=\"https:\/\/www.biblioteka-sepolno.pl\/en\/jak-zapisac-sie-do-biblioteki\" class=\"more-link\">&#8230;<span class=\"screen-reader-text\">  Jak zapisa\u0107 si\u0119 do Biblioteki?<\/span><\/a><\/p>","protected":false},"author":7,"featured_media":13767,"parent":0,"menu_order":0,"comment_status":"open","ping_status":"open","template":"","meta":{"_acf_changed":false,"footnotes":""},"class_list":["post-212","page","type-page","status-publish","has-post-thumbnail","hentry"],"acf":[],"_links":{"self":[{"href":"https:\/\/www.biblioteka-sepolno.pl\/en\/wp-json\/wp\/v2\/pages\/212","targetHints":{"allow":["GET"]}}],"collection":[{"href":"https:\/\/www.biblioteka-sepolno.pl\/en\/wp-json\/wp\/v2\/pages"}],"about":[{"href":"https:\/\/www.biblioteka-sepolno.pl\/en\/wp-json\/wp\/v2\/types\/page"}],"author":[{"embeddable":true,"href":"https:\/\/www.biblioteka-sepolno.pl\/en\/wp-json\/wp\/v2\/users\/7"}],"replies":[{"embeddable":true,"href":"https:\/\/www.biblioteka-sepolno.pl\/en\/wp-json\/wp\/v2\/comments?post=212"}],"version-history":[{"count":6,"href":"https:\/\/www.biblioteka-sepolno.pl\/en\/wp-json\/wp\/v2\/pages\/212\/revisions"}],"predecessor-version":[{"id":13775,"href":"https:\/\/www.biblioteka-sepolno.pl\/en\/wp-json\/wp\/v2\/pages\/212\/revisions\/13775"}],"wp:featuredmedia":[{"embeddable":true,"href":"https:\/\/www.biblioteka-sepolno.pl\/en\/wp-json\/wp\/v2\/media\/13767"}],"wp:attachment":[{"href":"https:\/\/www.biblioteka-sepolno.pl\/en\/wp-json\/wp\/v2\/media?parent=212"}],"curies":[{"name":"wp","href":"https:\/\/api.w.org\/{rel}","templated":true}]}}