{"id":222,"date":"2011-04-10T01:24:00","date_gmt":"2011-04-10T01:24:00","guid":{"rendered":"http:\/\/biblioteka-sepolno.pl\/?page_id=222"},"modified":"2022-11-18T13:25:45","modified_gmt":"2022-11-18T12:25:45","slug":"dzialalnosc","status":"publish","type":"page","link":"https:\/\/www.biblioteka-sepolno.pl\/en\/dzialalnosc","title":{"rendered":"Dzia\u0142alno\u015b\u0107"},"content":{"rendered":"<h2>Dyskusyjny klub ksi\u0105\u017cki<\/h2>\n<p>Dyskusyjne Kluby Ksi\u0105\u017cki to wsp\u00f3lny projekt Instytutu Ksi\u0105\u017cki i Bibliotek Wojew\u00f3dzkich adresowany przede wszystkim do czytelnik\u00f3w korzystaj\u0105cych z bibliotek publicznych.<\/p>\n<p>Pomys\u0142 oparty jest na za\u0142o\u017ceniu, \u017ce potrzebne s\u0105 miejsca, w kt\u00f3rych mo\u017cna rozmawia\u0107 o wsp\u00f3lnie czytanych ksi\u0105\u017ckach oraz, \u017ce nie trzeba by\u0107 krytykiem, by czerpa\u0107 przyjemno\u015b\u0107 z dyskutowania o literaturze. Celem klub\u00f3w jest tak\u017ce o\u017cywienie \u015brodowisk skupionych wok\u00f3\u0142 bibliotek oraz zach\u0119cenie samych bibliotekarzy do kreowania mody na czytanie.<\/p>\n<p>Kluby powsta\u0142y z inicjatywy Instytutu Ksi\u0105\u017cki i dzia\u0142aj\u0105 przy jego wsparciu finansowym i merytorycznym od pocz\u0105tku 2007 roku przy bibliotekach r\u00f3\u017cnego stopnia \u2013 od bibliotek wojew\u00f3dzkich, po filie biblioteczne w ma\u0142ych miejscowo\u015bciach. Klubami w obr\u0119bie jednego wojew\u00f3dztwa opiekuje si\u0119 <a href=\"http:\/\/www.instytutksiazki.pl\/pl,tc,site,18,40.php\">koordynator wojew\u00f3dzki<\/a>.<\/p>\n<p>W naszej bibliotece DKK funkcjonuje od marca 2007 r. Pocz\u0105tkowo ta oferta by\u0142a skierowana do doros\u0142ych czytelnik\u00f3w, jednak ju\u017c od wrze\u015bnia 2008 r. dzia\u0142a DKK dla dzieci. W mi\u0142ym gronie omawiamy ksi\u0105\u017cki, kt\u00f3re wcze\u015bniej nale\u017cy przeczyta\u0107. Cz\u0142onkowstwo w klubach nic nie kosztuje i nadal czekamy na nowych ich cz\u0142onk\u00f3w.<\/p>\n<h2>Ksi\u0119garnia \u201ePrzy Bibliotece\u201d<\/h2>\n<p>3 maja 1995 podczas trwaj\u0105cych Dni S\u0119p\u00f3lna, odby\u0142o si\u0119 uroczyste otwarcie naszej ksi\u0119garni. Przeci\u0119cia wst\u0119gi dokonali Burmistrz i Skarbnik Gminy.<\/p>\n<p>Niewielkim kosztem, w odr\u0119bnym pomieszczeniu o powierzchni 18m\u00b2 z pomoc\u0105 i udzia\u0142em s\u0119pole\u0144skich sponsor\u00f3w a tak\u017ce w\u0142adz samorz\u0105dowych urz\u0105dzili\u015bmy w\u0142asn\u0105, ciep\u0142\u0105 i przyjazn\u0105 czytelnikom ksi\u0119garni\u0119.<\/p>\n<p>Do odbiorc\u00f3w kierujemy oferty r\u00f3\u017cnych wydawnictw. Wypracowany doch\u00f3d przeznaczymy na cele statutowe Biblioteki tzn. na wzbogacenie i uzupe\u0142nienie jej ksi\u0119gozbioru.<\/p>\n<p>Osoba odpowiedzialna: El\u017cbieta Skibi\u0144ska<\/p>\n<h2>Teatrzyk<\/h2>\n<p>Grupa amatorskiego teatru lalek \u201eBalbina\u201d dzia\u0142a przy Bibliotece Publicznej im. Jaros\u0142awa Iwaszkiewicza w S\u0119p\u00f3lnie Kraje\u0144skim ju\u017c od 1986 r.<\/p>\n<p>Sk\u0142ad zespo\u0142u od tamtego czasu oczywi\u015bcie ulega\u0142 zmiane wielokrotnie, poniewa\u017c w jego szeregi przybywaj\u0105 nowi cz\u0142onkowie. Obecnie grupa liczy pi\u0119tna\u015bcie os\u00f3b. Do przygotowania przedstawie\u0144 zesp\u00f3\u0142 korzysta ze scenariuszy bajek dla dzieci lub samodzielnie opracowanych pomys\u0142\u00f3w bibliotekarki \u2013 pani Lucyny Welki. Dzieci ch\u0119tnie uczestnicz\u0105 w zaj\u0119ciach, bior\u0105 udzia\u0142 w licznych konkursach i przegl\u0105dach.<\/p>","protected":false},"excerpt":{"rendered":"<p>Dyskusyjny klub ksi\u0105\u017cki Dyskusyjne Kluby Ksi\u0105\u017cki to wsp\u00f3lny projekt Instytutu Ksi\u0105\u017cki i Bibliotek Wojew\u00f3dzkich adresowany przede wszystkim do czytelnik\u00f3w korzystaj\u0105cych z bibliotek publicznych. Pomys\u0142 oparty jest na za\u0142o\u017ceniu, \u017ce potrzebne s\u0105 miejsca, w kt\u00f3rych mo\u017cna rozmawia\u0107 o wsp\u00f3lnie czytanych ksi\u0105\u017ckach oraz, \u017ce nie trzeba by\u0107 krytykiem, by czerpa\u0107 przyjemno\u015b\u0107 z dyskutowania o literaturze. Celem klub\u00f3w <a href=\"https:\/\/www.biblioteka-sepolno.pl\/en\/dzialalnosc\" class=\"more-link\">&#8230;<span class=\"screen-reader-text\">  Dzia\u0142alno\u015b\u0107<\/span><\/a><\/p>","protected":false},"author":7,"featured_media":225,"parent":0,"menu_order":0,"comment_status":"open","ping_status":"open","template":"","meta":{"_acf_changed":false,"footnotes":""},"class_list":["post-222","page","type-page","status-publish","has-post-thumbnail","hentry"],"acf":[],"_links":{"self":[{"href":"https:\/\/www.biblioteka-sepolno.pl\/en\/wp-json\/wp\/v2\/pages\/222","targetHints":{"allow":["GET"]}}],"collection":[{"href":"https:\/\/www.biblioteka-sepolno.pl\/en\/wp-json\/wp\/v2\/pages"}],"about":[{"href":"https:\/\/www.biblioteka-sepolno.pl\/en\/wp-json\/wp\/v2\/types\/page"}],"author":[{"embeddable":true,"href":"https:\/\/www.biblioteka-sepolno.pl\/en\/wp-json\/wp\/v2\/users\/7"}],"replies":[{"embeddable":true,"href":"https:\/\/www.biblioteka-sepolno.pl\/en\/wp-json\/wp\/v2\/comments?post=222"}],"version-history":[{"count":7,"href":"https:\/\/www.biblioteka-sepolno.pl\/en\/wp-json\/wp\/v2\/pages\/222\/revisions"}],"predecessor-version":[{"id":13760,"href":"https:\/\/www.biblioteka-sepolno.pl\/en\/wp-json\/wp\/v2\/pages\/222\/revisions\/13760"}],"wp:featuredmedia":[{"embeddable":true,"href":"https:\/\/www.biblioteka-sepolno.pl\/en\/wp-json\/wp\/v2\/media\/225"}],"wp:attachment":[{"href":"https:\/\/www.biblioteka-sepolno.pl\/en\/wp-json\/wp\/v2\/media?parent=222"}],"curies":[{"name":"wp","href":"https:\/\/api.w.org\/{rel}","templated":true}]}}