{"id":3438,"date":"2013-04-25T11:20:23","date_gmt":"2013-04-25T11:20:23","guid":{"rendered":"http:\/\/biblioteka-sepolno.pl\/?page_id=3438"},"modified":"2022-11-18T13:25:45","modified_gmt":"2022-11-18T12:25:45","slug":"informacja-o-ciasteczkach","status":"publish","type":"page","link":"https:\/\/www.biblioteka-sepolno.pl\/en\/informacja-o-ciasteczkach","title":{"rendered":"Informacja o ciasteczkach"},"content":{"rendered":"<p>Staramy si\u0119, aby strona internetowa naszej biblioteki by\u0142a dostosowana do Pa\u0144stwa oczekiwa\u0144. Badamy, kt\u00f3re z naszych zasob\u00f3w ciesz\u0105 si\u0119 szczeg\u00f3lnym zainteresowaniem, a tak\u017ce jakie informacje s\u0105 najcz\u0119\u015bciej poszukiwane. Do tego celu wykorzystujemy mi\u0119dzy innymi tzw ciasteczka, dzi\u0119ki kt\u00f3rym jeste\u015bmy w stanie rozpozna\u0107 powracaj\u0105cych go\u015bci i ich komputery, dostosowa\u0107 wygl\u0105d strony do ustawie\u0144 ich przegl\u0105darek, nie za\u015bmieca\u0107 ka\u017cdorazowo informacjami, kt\u00f3re wystarczy wy\u015bwietli\u0107 tylko raz, etc.<\/p>\n<p>Osoby, kt\u00f3re odczuwaj\u0105 tego typu dzia\u0142anie za naruszaj\u0105ce ich prywatno\u015b\u0107 mog\u0105 w \u0142atwy spos\u00f3b wy\u0142\u0105czy\u0107 obs\u0142ug\u0119 ciasteczek w ustawieniach swojej przegl\u0105darki internetowej.<\/p>\n<p>Informacje na temat zmiany ustawie\u0144 dotycz\u0105cych ciasteczek w poszczeg\u00f3lnych przegl\u0105darkach dost\u0119pne s\u0105 na poni\u017cszych stronach:<\/p>\n<ul>\n<li><a href=\"http:\/\/support.google.com\/chrome\/bin\/answer.py?hl=pl&amp;answer=95647\" rel=\"nofollow\">Google Chrome<\/a><\/li>\n<li><a href=\"http:\/\/support.mozilla.org\/pl\/kb\/W%C5%82%C4%85czanie%20i%20wy%C5%82%C4%85czanie%20obs%C5%82ugi%20ciasteczek\" rel=\"nofollow\">Mozilla Firefox<\/a><\/li>\n<li><a href=\"https:\/\/support.microsoft.com\/en-us\/windows\/microsoft-edge-browsing-data-and-privacy-bb8174ba-9d73-dcf2-9b4a-c582b4e640dd\">Microsoft Edge<\/a><\/li>\n<li><a href=\"http:\/\/help.opera.com\/Windows\/12.10\/pl\/cookies.html\" rel=\"nofollow\">Opera<\/a><\/li>\n<li><a href=\"http:\/\/support.apple.com\/kb\/PH5042\" rel=\"nofollow\">Safari<\/a><\/li>\n<\/ul>","protected":false},"excerpt":{"rendered":"<p>Staramy si\u0119, aby strona internetowa naszej biblioteki by\u0142a dostosowana do Pa\u0144stwa oczekiwa\u0144. Badamy, kt\u00f3re z naszych zasob\u00f3w ciesz\u0105 si\u0119 szczeg\u00f3lnym zainteresowaniem, a tak\u017ce jakie informacje s\u0105 najcz\u0119\u015bciej poszukiwane. Do tego celu wykorzystujemy mi\u0119dzy innymi tzw ciasteczka, dzi\u0119ki kt\u00f3rym jeste\u015bmy w stanie rozpozna\u0107 powracaj\u0105cych go\u015bci i ich komputery, dostosowa\u0107 wygl\u0105d strony do ustawie\u0144 ich przegl\u0105darek, nie <a href=\"https:\/\/www.biblioteka-sepolno.pl\/en\/informacja-o-ciasteczkach\" class=\"more-link\">&#8230;<span class=\"screen-reader-text\">  Informacja o ciasteczkach<\/span><\/a><\/p>","protected":false},"author":7,"featured_media":14020,"parent":0,"menu_order":0,"comment_status":"open","ping_status":"open","template":"","meta":{"_acf_changed":false,"footnotes":""},"class_list":["post-3438","page","type-page","status-publish","has-post-thumbnail","hentry"],"acf":[],"_links":{"self":[{"href":"https:\/\/www.biblioteka-sepolno.pl\/en\/wp-json\/wp\/v2\/pages\/3438","targetHints":{"allow":["GET"]}}],"collection":[{"href":"https:\/\/www.biblioteka-sepolno.pl\/en\/wp-json\/wp\/v2\/pages"}],"about":[{"href":"https:\/\/www.biblioteka-sepolno.pl\/en\/wp-json\/wp\/v2\/types\/page"}],"author":[{"embeddable":true,"href":"https:\/\/www.biblioteka-sepolno.pl\/en\/wp-json\/wp\/v2\/users\/7"}],"replies":[{"embeddable":true,"href":"https:\/\/www.biblioteka-sepolno.pl\/en\/wp-json\/wp\/v2\/comments?post=3438"}],"version-history":[{"count":7,"href":"https:\/\/www.biblioteka-sepolno.pl\/en\/wp-json\/wp\/v2\/pages\/3438\/revisions"}],"predecessor-version":[{"id":14021,"href":"https:\/\/www.biblioteka-sepolno.pl\/en\/wp-json\/wp\/v2\/pages\/3438\/revisions\/14021"}],"wp:featuredmedia":[{"embeddable":true,"href":"https:\/\/www.biblioteka-sepolno.pl\/en\/wp-json\/wp\/v2\/media\/14020"}],"wp:attachment":[{"href":"https:\/\/www.biblioteka-sepolno.pl\/en\/wp-json\/wp\/v2\/media?parent=3438"}],"curies":[{"name":"wp","href":"https:\/\/api.w.org\/{rel}","templated":true}]}}