{"id":63,"date":"2011-04-06T11:12:06","date_gmt":"2011-04-06T11:12:06","guid":{"rendered":"http:\/\/biblioteka-sepolno.pl\/?page_id=63"},"modified":"2022-11-18T13:25:45","modified_gmt":"2022-11-18T12:25:45","slug":"o-naszej-bibliotece","status":"publish","type":"page","link":"https:\/\/www.biblioteka-sepolno.pl\/en\/o-naszej-bibliotece","title":{"rendered":"O naszej bibliotece"},"content":{"rendered":"<h2>Pocz\u0105tki<\/h2>\n<p>Biblioteka Publiczna w S\u0119p\u00f3lnie Kraje\u0144skim powsta\u0142a po wyzwoleniu w 1946 r. Tak jak inne biblioteki boryka\u0142a si\u0119 z licznymi problemami. Po latach germanizacji, okupacji i grabie\u017cy zosta\u0142y tylko szcz\u0105tki po zgromadzonym uprzednio ksi\u0119gozbiorze. Zwr\u00f3cono si\u0119 wi\u0119c do spo\u0142eczno\u015bci lokalnej o dobrowolne przekazywanie ksi\u0105\u017cek do u\u017cytku publicznego. W taki spos\u00f3b, dzi\u0119ki \u017cyczliwo\u015bci ludzi, biblioteka zacz\u0119\u0142a realizowa\u0107 swoje zadania.<!--more--><\/p>\n<h2>Dzia\u0142alno\u015b\u0107 upowszechniona<\/h2>\n<p>R\u00f3wnolegle z podstawow\u0105 dzia\u0142alno\u015bci\u0105 statutow\u0105 Biblioteka prowadzi szeroko rozumian\u0105 dzia\u0142alno\u015b\u0107 upowszechniaj\u0105c\u0105 ksi\u0105\u017ck\u0119 i czytelnictwo. Najr\u00f3\u017cniejsze formy propagowania czytelnictwa s\u0105 wi\u0119c sta\u0142ym elementem pracy Biblioteki. Do najwa\u017cniejszych zalicza si\u0119 wystawy, wystawki, lekcje biblioteczne, przysposobienia czytelnicze, konkursy czytelnicze, spotkania autorskie, wieczorki literackie, przegl\u0105dy nowo\u015bci, wieczory ba\u015bni.<\/p>\n<p>Ciekawymi i najbli\u017cszymi dla czytelnika s\u0105 spotkania autorskie. S\u0142ynne osoby goszcz\u0105ce w Bibliotece to:<br \/>\nMiko\u0142aj Rusinek, Ewa Nowacka, Bronis\u0142aw Kap\u0142on, Marta Fox, Krzysztof Petek, Lucyna Legut, Gustaw Morcinek, Leszek Prorok, Marcin Turwid, Jerzy Putrament, Leonard Turkowski, Stanis\u0142aw Dygat, Magdalena Samozwaniec, Ewa Nowacka, Aleksander Minkowski, Janina Zaj\u0105c\u00f3wna, Irena Matuszkiewicz, Anna Janko, Ma\u0142gorzata Kalici\u0144ska, Izabela Sowa, Zygmunt Mi\u0142oszewski, Izabella Kleba\u0144ska, Dorota Suwalska<\/p>\n<p>Od kilku lat Biblioteka jest wsp\u00f3\u0142organizatorem Dni S\u0119p\u00f3lna (w maju) oraz Tygodnia Kultury S\u0119pole\u0144skiej (w listopadzie). W tym czasie staramy si\u0119 intensyfikowa\u0107 r\u00f3\u017cnorakie akcje popularyzuj\u0105ce ksi\u0105\u017ck\u0119- czytelnictwo-bibliotek\u0119. Wychodzimy z za\u0142o\u017cenia, \u017ce jak Biblioteka zaspokaja potrzeby czytelnicze mieszka\u0144c\u00f3w gminy, tak te\u017c w tym czasie nale\u017cy promowa\u0107 w spos\u00f3b szczeg\u00f3lny lokaln\u0105 tw\u00f3rczo\u015b\u0107 kulturaln\u0105. Zorganizowali\u015bmy spotkania z lud\u017ami kultury naszej spo\u0142eczno\u015bci.<\/p>\n<h2>Misja biblioteki<\/h2>\n<p>Biblioteka Publiczna im. Jaros\u0142awa Iwaszkiewicza w S\u0119p\u00f3lnie Kraje\u0144skim pe\u0142ni funkcj\u0119 og\u00f3lnodost\u0119pnej biblioteki publicznej, kt\u00f3ra ma za zadanie upowszechnia\u0107 wiedz\u0119 i kultur\u0119 w spo\u0142ecze\u0144stwie. Do szczeg\u00f3\u0142owych jej zada\u0144 nale\u017cy:<\/p>\n<ul>\n<li>gromadzenie, opracowywanie i przechowywanie materia\u0142\u00f3w bibliotecznych s\u0142u\u017c\u0105cych rozwijaniu czytelnictwa oraz zaspakajaniu potrzeb informacyjnych, edukacyjnych i samokszta\u0142ceniowych, ze szczeg\u00f3lnym uwzgl\u0119dnieniem materia\u0142\u00f3w dokumentuj\u0105cych dorobek regionu<\/li>\n<li>udost\u0119pnianie zbior\u00f3w na miejscu, wypo\u017cyczanie ich na zewn\u0105trz<\/li>\n<li>prowadzenie wypo\u017cycze\u0144 mi\u0119dzybibliotecznych ze szczeg\u00f3lnym uwzgl\u0119dnieniem potrzeb dzieci i m\u0142odzie\u017cy<\/li>\n<li>prowadzenie warsztatu dzia\u0142alno\u015bci informacyjno- bibliograficznej,<\/li>\n<li>popularyzacja ksi\u0105\u017cki i czytelnictwa oraz dorobku kulturalnego gminy,<\/li>\n<li>tworzenie i udost\u0119pnianie w\u0142asnych komputerowych baz danych katalogowych, bibliograficznych i faktograficznych,<\/li>\n<li>wsp\u00f3\u0142dzia\u0142anie z bibliotekami innych sieci, instytucjami, organizacjami i stowarzyszeniami w zakresie rozwijania i zaspakajania potrzeb o\u015bwiatowych i kulturalnych mieszka\u0144c\u00f3w gminy<\/li>\n<\/ul>\n<p>Biblioteka Publiczna w S\u0119p\u00f3lnie Kraj. opr\u00f3cz udost\u0119pniania zbior\u00f3w chce by\u0107 kojarzona z miejscem przyjaznym dla spo\u0142ecze\u0144stwa. Personel biblioteki dba o ka\u017cdego czytelnika i s\u0142u\u017cy mu pomoc\u0105: pomaga, doradza, wskazuje materia\u0142y i wdra\u017ca czytelnika do samodzielnego poszukiwania wiedzy.<\/p>\n<h2>Jaros\u0142aw Iwaszkiewicz &#8211; nasz patron<\/h2>\n<div id=\"attachment_143\" style=\"width: 250px\" class=\"wp-caption aligncenter\"><img loading=\"lazy\" decoding=\"async\" aria-describedby=\"caption-attachment-143\" class=\"wp-image-143 size-full\" title=\"240px-Jaroslaw_Iwaszkiewicz\" src=\"http:\/\/beta.biblioteka-sepolno.pl\/wp-content\/uploads\/2011\/04\/240px-Jaroslaw_Iwaszkiewicz.jpg\" alt=\"\" width=\"240\" height=\"316\" srcset=\"https:\/\/www.biblioteka-sepolno.pl\/wp-content\/uploads\/2011\/04\/240px-Jaroslaw_Iwaszkiewicz.jpg 240w, https:\/\/www.biblioteka-sepolno.pl\/wp-content\/uploads\/2011\/04\/240px-Jaroslaw_Iwaszkiewicz-227x300.jpg 227w\" sizes=\"auto, (max-width: 240px) 100vw, 240px\" \/><p id=\"caption-attachment-143\" class=\"wp-caption-text\">Jaros\u0142aw Iwaszkiewicz<\/p><\/div>\n<p>Poeta, prozaik, dramatopisarz, eseista i t\u0142umacz. Urodzony 20 lutego 1894 we wsi Kalnik na Kijowsczy\u017anie zmar\u0142 2 marca 1980 r. w Warszawie.<\/p>\n<p>W latach 1902-1904, po \u015bmierci ojca, przebywa\u0142 wraz z matk\u0105 w Warszawie, w latach 1904-1912 na Ukrainie, gdzie w 1912 zda\u0142 matur\u0119 w kijowskim gimnazjum i rozpocz\u0105\u0142 studia prawnicze na tamtejszym uniwersytecie. W pa\u017adzierniku 1918 przyjecha\u0142 do Warszawy, zwi\u0105za\u0142 si\u0119 z grup\u0105 tw\u00f3rc\u00f3w skupionych wok\u00f3\u0142 pisma &#8222;Pro Arte et Studio&#8221;, wszed\u0142 w sk\u0142ad grupy literackiej wyst\u0119puj\u0105cej w kabarecie literackim &#8222;Pikador&#8221;. W latach 1919-1920 by\u0142 w zespole redakcyjnym &#8222;Zdroju&#8221;, 1920-1922 redagowa\u0142 w &#8222;Kurierze Polskim&#8221; dzia\u0142 &#8222;Sztuka&#8221;. Wiersze, proz\u0119 i recenzje publikowa\u0142 w &#8222;Kurierze Lwowskim&#8221; (1921-1922) i &#8222;Tygodniku Ilustrowanym&#8221; (od 1922).<\/p>\n<p>W 1922 o\u017ceni\u0142 si\u0119 z Ann\u0105 Lilpop i zamieszka\u0142 w Podkowie Le\u015bnej. W latach 1923-1925 by\u0142 sekretarzem marsza\u0142ka sejmu Macieja Rataja, nale\u017ca\u0142 do Zwi\u0105zku Zawodowego Literat\u00f3w Polskich. W latach 1924-1939 wsp\u00f3\u0142pracowa\u0142 z &#8222;Wiadomo\u015bciami Literackimi&#8221; (drukowa\u0142 wiersze, liczne artyku\u0142y i recenzje). By\u0142 sekretarzem w Towarzystwie Zach\u0119ty Sztuk Pi\u0119knych, od 1925 cz\u0142onkiem Polskiego PEN Clubu. W 1928 osiedli\u0142 si\u0119 w nowym domu w Podkowie Le\u015bnej, kt\u00f3ry nazwa\u0142 Stawiskiem (obecnie muzeum). By\u0142 sekretarzem poselstwa polskiego w Kopenhadze (1932-1925) i Brukseli (1935-1936). W 1939 zosta\u0142 wiceprezesem ZZLP. W latach II wojny \u015bwiatowej mieszka\u0142 w Stawisku i wsp\u00f3lnie z \u017con\u0105 prowadzi\u0142 dom otwarty dla artyst\u00f3w, kt\u00f3rym pomaga\u0142 w organizacji pomocy dla tw\u00f3rc\u00f3w kultury. W 1955 r. obj\u0105\u0142 redakcj\u0119 \u201eTw\u00f3rczo\u015bci\u201d i funkcj\u0119 t\u0119 sprawowa\u0142 do \u015bmierci, podobnie jak funkcj\u0119 prezesa ZLP (od 1959 r.). Od 1952 r. by\u0142 pos\u0142em na Sejm PRL . po\u015bmiertnie 1991 r. wraz z \u017bon\u0105 Ann\u0105 zosta\u0142 odznaczony medalem \u201eSprawiedliwy w\u015br\u00f3d narod\u00f3w \u015bwiata\u201d.<\/p>","protected":false},"excerpt":{"rendered":"<p>Pocz\u0105tki Biblioteka Publiczna w S\u0119p\u00f3lnie Kraje\u0144skim powsta\u0142a po wyzwoleniu w 1946 r. Tak jak inne biblioteki boryka\u0142a si\u0119 z licznymi problemami. Po latach germanizacji, okupacji i grabie\u017cy zosta\u0142y tylko szcz\u0105tki po zgromadzonym uprzednio ksi\u0119gozbiorze. Zwr\u00f3cono si\u0119 wi\u0119c do spo\u0142eczno\u015bci lokalnej o dobrowolne przekazywanie ksi\u0105\u017cek do u\u017cytku publicznego. W taki spos\u00f3b, dzi\u0119ki \u017cyczliwo\u015bci ludzi, biblioteka zacz\u0119\u0142a <a href=\"https:\/\/www.biblioteka-sepolno.pl\/en\/o-naszej-bibliotece\" class=\"more-link\">&#8230;<span class=\"screen-reader-text\">  O naszej bibliotece<\/span><\/a><\/p>","protected":false},"author":7,"featured_media":144,"parent":0,"menu_order":0,"comment_status":"open","ping_status":"open","template":"","meta":{"_acf_changed":false,"footnotes":""},"class_list":["post-63","page","type-page","status-publish","has-post-thumbnail","hentry"],"acf":[],"_links":{"self":[{"href":"https:\/\/www.biblioteka-sepolno.pl\/en\/wp-json\/wp\/v2\/pages\/63","targetHints":{"allow":["GET"]}}],"collection":[{"href":"https:\/\/www.biblioteka-sepolno.pl\/en\/wp-json\/wp\/v2\/pages"}],"about":[{"href":"https:\/\/www.biblioteka-sepolno.pl\/en\/wp-json\/wp\/v2\/types\/page"}],"author":[{"embeddable":true,"href":"https:\/\/www.biblioteka-sepolno.pl\/en\/wp-json\/wp\/v2\/users\/7"}],"replies":[{"embeddable":true,"href":"https:\/\/www.biblioteka-sepolno.pl\/en\/wp-json\/wp\/v2\/comments?post=63"}],"version-history":[{"count":21,"href":"https:\/\/www.biblioteka-sepolno.pl\/en\/wp-json\/wp\/v2\/pages\/63\/revisions"}],"predecessor-version":[{"id":14036,"href":"https:\/\/www.biblioteka-sepolno.pl\/en\/wp-json\/wp\/v2\/pages\/63\/revisions\/14036"}],"wp:featuredmedia":[{"embeddable":true,"href":"https:\/\/www.biblioteka-sepolno.pl\/en\/wp-json\/wp\/v2\/media\/144"}],"wp:attachment":[{"href":"https:\/\/www.biblioteka-sepolno.pl\/en\/wp-json\/wp\/v2\/media?parent=63"}],"curies":[{"name":"wp","href":"https:\/\/api.w.org\/{rel}","templated":true}]}}